{"id":758,"date":"2020-12-05T19:09:10","date_gmt":"2020-12-05T18:09:10","guid":{"rendered":"https:\/\/www.kirche-langenfeld.de\/ev\/?page_id=758"},"modified":"2025-02-26T15:25:40","modified_gmt":"2025-02-26T14:25:40","slug":"vita-ulrike-schoen","status":"publish","type":"page","link":"https:\/\/www.kirche-langenfeld.de\/ev\/vita-ulrike-schoen\/","title":{"rendered":"Vita Ulrike Sch\u00f6n"},"content":{"rendered":"\n<p>Ulrike Sch\u00f6n wurde in Kaiserslautern geboren, wo sie schon fr\u00fch Klavier- und Querfl\u00f6tenunterricht erhielt. Im Fach \u201eKlavierbegleitung\u201c konnte sie bei \u201eJugend musiziert\u201c zweimal den 1. Platz belegen.<\/p>\n\n\n<div class=\"wp-block-image\">\n<figure class=\"alignleft size-full\"><img loading=\"lazy\" decoding=\"async\" width=\"416\" height=\"601\" src=\"https:\/\/www.kirche-langenfeld.de\/ev\/wp-content\/uploads\/2024\/03\/ulrike-schoen.jpg\" alt=\"Presbyterin, Kantorin\" class=\"wp-image-11364\" srcset=\"https:\/\/www.kirche-langenfeld.de\/ev\/wp-content\/uploads\/2024\/03\/ulrike-schoen.jpg 416w, https:\/\/www.kirche-langenfeld.de\/ev\/wp-content\/uploads\/2024\/03\/ulrike-schoen-208x300.jpg 208w\" sizes=\"auto, (max-width: 416px) 100vw, 416px\" \/><figcaption class=\"wp-element-caption\">Ulrike Sch\u00f6n<\/figcaption><\/figure>\n<\/div>\n\n\n<p>Nach dem Abitur erlernte sie zun\u00e4chst den Beruf der Krankenschwester und entdeckte erst zu dieser Zeit die evangelische Kirchenmusik.<\/p>\n\n\n\n<p>Ihren ersten Orgelunterricht bekam sie im Alter von 20 Jahren von Prof. Helmut Freitag an der Stiftskirche in Kaiserslautern. Noch w\u00e4hrend ihrer Berufst\u00e4tigkeit in der Universit\u00e4tsklinik K\u00f6ln und der ambulanten Krankenpflege erwarb sie den C-Schein, der zur nebenamtlichen Besch\u00e4ftigung im Kantorendienst bef\u00e4higt. Sp\u00e4ter entschloss sie sich zum Studium der Evangelischen Kirchenmusik und schrieb sich an der Robert-Schumann-Hochschule in D\u00fcsseldorf ein, wo sie als Diplom-Kirchenmusikerin abschloss.<\/p>\n\n\n\n<p>Sie ist seit 2010 in der Evangelischen Kirchengemeinde Langenfeld t\u00e4tig und haupts\u00e4chlich f\u00fcr die Musik in der Lukaskirche verantwortlich. Ihr Anliegen ist es, Gottesdienste zielgruppenorientiert zu gestalten und alle Generationen in das gemeinsame Singen miteinzubeziehen. Dazu geh\u00f6ren zum Beispiel der Familienchor und regelm\u00e4\u00dfig stattfindende offene Sing-Angebote. Sie leitet auch den Chor der Lukaskirche und koordiniert die vielf\u00e4ltigen Dienste mit ihren Kollegen.<\/p>\n\n\n\n<p>Um die klangsch\u00f6ne Orgel in der Lukaskirche in Szene zu setzen, l\u00e4dt sie in unregelm\u00e4\u00dfigen Abst\u00e4nden K\u00fcnstler ein und pr\u00e4sentiert zusammen mit ihnen die abwechslungsreiche Konzertreihe Orgel plus.<\/p>\n","protected":false},"excerpt":{"rendered":"<p>Ulrike Sch\u00f6n wurde in Kaiserslautern geboren, wo sie schon fr\u00fch Klavier- und Querfl\u00f6tenunterricht erhielt. Im Fach \u201eKlavierbegleitung\u201c konnte sie bei \u201eJugend musiziert\u201c zweimal den 1. Platz belegen. Nach dem Abitur erlernte sie zun\u00e4chst den Beruf der Krankenschwester und entdeckte erst zu dieser Zeit die evangelische Kirchenmusik. Ihren ersten Orgelunterricht bekam sie im Alter von 20 [&hellip;]<\/p>\n","protected":false},"author":9,"featured_media":0,"parent":0,"menu_order":0,"comment_status":"closed","ping_status":"closed","template":"","meta":{"_uag_custom_page_level_css":"","pgc_sgb_lightbox_settings":"","ocean_post_layout":"","ocean_both_sidebars_style":"","ocean_both_sidebars_content_width":0,"ocean_both_sidebars_sidebars_width":0,"ocean_sidebar":"0","ocean_second_sidebar":"0","ocean_disable_margins":"enable","ocean_add_body_class":"","ocean_shortcode_before_top_bar":"","ocean_shortcode_after_top_bar":"","ocean_shortcode_before_header":"","ocean_shortcode_after_header":"","ocean_has_shortcode":"","ocean_shortcode_after_title":"","ocean_shortcode_before_footer_widgets":"","ocean_shortcode_after_footer_widgets":"","ocean_shortcode_before_footer_bottom":"","ocean_shortcode_after_footer_bottom":"","ocean_display_top_bar":"default","ocean_display_header":"default","ocean_header_style":"","ocean_center_header_left_menu":"0","ocean_custom_header_template":"0","ocean_custom_logo":0,"ocean_custom_retina_logo":0,"ocean_custom_logo_max_width":0,"ocean_custom_logo_tablet_max_width":0,"ocean_custom_logo_mobile_max_width":0,"ocean_custom_logo_max_height":0,"ocean_custom_logo_tablet_max_height":0,"ocean_custom_logo_mobile_max_height":0,"ocean_header_custom_menu":"0","ocean_menu_typo_font_family":"0","ocean_menu_typo_font_subset":"","ocean_menu_typo_font_size":0,"ocean_menu_typo_font_size_tablet":0,"ocean_menu_typo_font_size_mobile":0,"ocean_menu_typo_font_size_unit":"px","ocean_menu_typo_font_weight":"","ocean_menu_typo_font_weight_tablet":"","ocean_menu_typo_font_weight_mobile":"","ocean_menu_typo_transform":"","ocean_menu_typo_transform_tablet":"","ocean_menu_typo_transform_mobile":"","ocean_menu_typo_line_height":0,"ocean_menu_typo_line_height_tablet":0,"ocean_menu_typo_line_height_mobile":0,"ocean_menu_typo_line_height_unit":"","ocean_menu_typo_spacing":0,"ocean_menu_typo_spacing_tablet":0,"ocean_menu_typo_spacing_mobile":0,"ocean_menu_typo_spacing_unit":"","ocean_menu_link_color":"","ocean_menu_link_color_hover":"","ocean_menu_link_color_active":"","ocean_menu_link_background":"","ocean_menu_link_hover_background":"","ocean_menu_link_active_background":"","ocean_menu_social_links_bg":"","ocean_menu_social_hover_links_bg":"","ocean_menu_social_links_color":"","ocean_menu_social_hover_links_color":"","ocean_disable_title":"default","ocean_disable_heading":"default","ocean_post_title":"","ocean_post_subheading":"","ocean_post_title_style":"","ocean_post_title_background_color":"","ocean_post_title_background":0,"ocean_post_title_bg_image_position":"","ocean_post_title_bg_image_attachment":"","ocean_post_title_bg_image_repeat":"","ocean_post_title_bg_image_size":"","ocean_post_title_height":0,"ocean_post_title_bg_overlay":0.5,"ocean_post_title_bg_overlay_color":"","ocean_disable_breadcrumbs":"default","ocean_breadcrumbs_color":"","ocean_breadcrumbs_separator_color":"","ocean_breadcrumbs_links_color":"","ocean_breadcrumbs_links_hover_color":"","ocean_display_footer_widgets":"default","ocean_display_footer_bottom":"default","ocean_custom_footer_template":"0","footnotes":""},"class_list":["post-758","page","type-page","status-publish","hentry","entry"],"featured_image_src":null,"yoast_head":"<!-- This site is optimized with the Yoast SEO plugin v27.0 - https:\/\/yoast.com\/product\/yoast-seo-wordpress\/ -->\n<title>Vita Ulrike Sch\u00f6n - Evangelische Kirchengemeinde Langenfeld<\/title>\n<meta name=\"robots\" content=\"index, follow, max-snippet:-1, max-image-preview:large, max-video-preview:-1\" \/>\n<link rel=\"canonical\" href=\"https:\/\/www.kirche-langenfeld.de\/ev\/vita-ulrike-schoen\/\" \/>\n<meta property=\"og:locale\" content=\"de_DE\" \/>\n<meta property=\"og:type\" content=\"article\" \/>\n<meta property=\"og:title\" content=\"Vita Ulrike Sch\u00f6n - Evangelische Kirchengemeinde Langenfeld\" \/>\n<meta property=\"og:description\" content=\"Ulrike Sch\u00f6n wurde in Kaiserslautern geboren, wo sie schon fr\u00fch Klavier- und Querfl\u00f6tenunterricht erhielt. Im Fach \u201eKlavierbegleitung\u201c konnte sie bei \u201eJugend musiziert\u201c zweimal den 1. Platz belegen. Nach dem Abitur erlernte sie zun\u00e4chst den Beruf der Krankenschwester und entdeckte erst zu dieser Zeit die evangelische Kirchenmusik. Ihren ersten Orgelunterricht bekam sie im Alter von 20 [&hellip;]\" \/>\n<meta property=\"og:url\" content=\"https:\/\/www.kirche-langenfeld.de\/ev\/vita-ulrike-schoen\/\" \/>\n<meta property=\"og:site_name\" content=\"Evangelische Kirchengemeinde Langenfeld\" \/>\n<meta property=\"article:modified_time\" content=\"2025-02-26T14:25:40+00:00\" \/>\n<meta property=\"og:image\" content=\"https:\/\/www.kirche-langenfeld.de\/ev\/wp-content\/uploads\/2024\/03\/ulrike-schoen.jpg\" \/>\n\t<meta property=\"og:image:width\" content=\"416\" \/>\n\t<meta property=\"og:image:height\" content=\"601\" \/>\n\t<meta property=\"og:image:type\" content=\"image\/jpeg\" \/>\n<meta name=\"twitter:card\" content=\"summary_large_image\" \/>\n<meta name=\"twitter:label1\" content=\"Gesch\u00e4tzte Lesezeit\" \/>\n\t<meta name=\"twitter:data1\" content=\"2\u00a0Minuten\" \/>\n<script type=\"application\/ld+json\" class=\"yoast-schema-graph\">{\"@context\":\"https:\/\/schema.org\",\"@graph\":[{\"@type\":\"WebPage\",\"@id\":\"https:\/\/www.kirche-langenfeld.de\/ev\/vita-ulrike-schoen\/\",\"url\":\"https:\/\/www.kirche-langenfeld.de\/ev\/vita-ulrike-schoen\/\",\"name\":\"Vita Ulrike Sch\u00f6n - Evangelische Kirchengemeinde Langenfeld\",\"isPartOf\":{\"@id\":\"https:\/\/www.kirche-langenfeld.de\/ev\/#website\"},\"primaryImageOfPage\":{\"@id\":\"https:\/\/www.kirche-langenfeld.de\/ev\/vita-ulrike-schoen\/#primaryimage\"},\"image\":{\"@id\":\"https:\/\/www.kirche-langenfeld.de\/ev\/vita-ulrike-schoen\/#primaryimage\"},\"thumbnailUrl\":\"https:\/\/www.kirche-langenfeld.de\/ev\/wp-content\/uploads\/2024\/03\/ulrike-schoen.jpg\",\"datePublished\":\"2020-12-05T18:09:10+00:00\",\"dateModified\":\"2025-02-26T14:25:40+00:00\",\"breadcrumb\":{\"@id\":\"https:\/\/www.kirche-langenfeld.de\/ev\/vita-ulrike-schoen\/#breadcrumb\"},\"inLanguage\":\"de\",\"potentialAction\":[{\"@type\":\"ReadAction\",\"target\":[\"https:\/\/www.kirche-langenfeld.de\/ev\/vita-ulrike-schoen\/\"]}]},{\"@type\":\"ImageObject\",\"inLanguage\":\"de\",\"@id\":\"https:\/\/www.kirche-langenfeld.de\/ev\/vita-ulrike-schoen\/#primaryimage\",\"url\":\"https:\/\/www.kirche-langenfeld.de\/ev\/wp-content\/uploads\/2024\/03\/ulrike-schoen.jpg\",\"contentUrl\":\"https:\/\/www.kirche-langenfeld.de\/ev\/wp-content\/uploads\/2024\/03\/ulrike-schoen.jpg\",\"width\":416,\"height\":601,\"caption\":\"Ulrike Sch\u00f6n\"},{\"@type\":\"BreadcrumbList\",\"@id\":\"https:\/\/www.kirche-langenfeld.de\/ev\/vita-ulrike-schoen\/#breadcrumb\",\"itemListElement\":[{\"@type\":\"ListItem\",\"position\":1,\"name\":\"Startseite\",\"item\":\"https:\/\/www.kirche-langenfeld.de\/ev\/\"},{\"@type\":\"ListItem\",\"position\":2,\"name\":\"Vita Ulrike Sch\u00f6n\"}]},{\"@type\":\"WebSite\",\"@id\":\"https:\/\/www.kirche-langenfeld.de\/ev\/#website\",\"url\":\"https:\/\/www.kirche-langenfeld.de\/ev\/\",\"name\":\"Evangelische Kirchengemeinde Langenfeld\",\"description\":\"Informationen rund um unsere Gemeinde\",\"publisher\":{\"@id\":\"https:\/\/www.kirche-langenfeld.de\/ev\/#organization\"},\"potentialAction\":[{\"@type\":\"SearchAction\",\"target\":{\"@type\":\"EntryPoint\",\"urlTemplate\":\"https:\/\/www.kirche-langenfeld.de\/ev\/?s={search_term_string}\"},\"query-input\":{\"@type\":\"PropertyValueSpecification\",\"valueRequired\":true,\"valueName\":\"search_term_string\"}}],\"inLanguage\":\"de\"},{\"@type\":\"Organization\",\"@id\":\"https:\/\/www.kirche-langenfeld.de\/ev\/#organization\",\"name\":\"Evangelische Kirchengemeinde Langenfeld\",\"url\":\"https:\/\/www.kirche-langenfeld.de\/ev\/\",\"logo\":{\"@type\":\"ImageObject\",\"inLanguage\":\"de\",\"@id\":\"https:\/\/www.kirche-langenfeld.de\/ev\/#\/schema\/logo\/image\/\",\"url\":\"https:\/\/www.kirche-langenfeld.de\/ev\/wp-content\/uploads\/2020\/09\/logo-ev-2020.png\",\"contentUrl\":\"https:\/\/www.kirche-langenfeld.de\/ev\/wp-content\/uploads\/2020\/09\/logo-ev-2020.png\",\"width\":276,\"height\":200,\"caption\":\"Evangelische Kirchengemeinde Langenfeld\"},\"image\":{\"@id\":\"https:\/\/www.kirche-langenfeld.de\/ev\/#\/schema\/logo\/image\/\"}}]}<\/script>\n<!-- \/ Yoast SEO plugin. -->","yoast_head_json":{"title":"Vita Ulrike Sch\u00f6n - Evangelische Kirchengemeinde Langenfeld","robots":{"index":"index","follow":"follow","max-snippet":"max-snippet:-1","max-image-preview":"max-image-preview:large","max-video-preview":"max-video-preview:-1"},"canonical":"https:\/\/www.kirche-langenfeld.de\/ev\/vita-ulrike-schoen\/","og_locale":"de_DE","og_type":"article","og_title":"Vita Ulrike Sch\u00f6n - Evangelische Kirchengemeinde Langenfeld","og_description":"Ulrike Sch\u00f6n wurde in Kaiserslautern geboren, wo sie schon fr\u00fch Klavier- und Querfl\u00f6tenunterricht erhielt. Im Fach \u201eKlavierbegleitung\u201c konnte sie bei \u201eJugend musiziert\u201c zweimal den 1. Platz belegen. Nach dem Abitur erlernte sie zun\u00e4chst den Beruf der Krankenschwester und entdeckte erst zu dieser Zeit die evangelische Kirchenmusik. Ihren ersten Orgelunterricht bekam sie im Alter von 20 [&hellip;]","og_url":"https:\/\/www.kirche-langenfeld.de\/ev\/vita-ulrike-schoen\/","og_site_name":"Evangelische Kirchengemeinde Langenfeld","article_modified_time":"2025-02-26T14:25:40+00:00","og_image":[{"width":416,"height":601,"url":"https:\/\/www.kirche-langenfeld.de\/ev\/wp-content\/uploads\/2024\/03\/ulrike-schoen.jpg","type":"image\/jpeg"}],"twitter_card":"summary_large_image","twitter_misc":{"Gesch\u00e4tzte Lesezeit":"2\u00a0Minuten"},"schema":{"@context":"https:\/\/schema.org","@graph":[{"@type":"WebPage","@id":"https:\/\/www.kirche-langenfeld.de\/ev\/vita-ulrike-schoen\/","url":"https:\/\/www.kirche-langenfeld.de\/ev\/vita-ulrike-schoen\/","name":"Vita Ulrike Sch\u00f6n - Evangelische Kirchengemeinde Langenfeld","isPartOf":{"@id":"https:\/\/www.kirche-langenfeld.de\/ev\/#website"},"primaryImageOfPage":{"@id":"https:\/\/www.kirche-langenfeld.de\/ev\/vita-ulrike-schoen\/#primaryimage"},"image":{"@id":"https:\/\/www.kirche-langenfeld.de\/ev\/vita-ulrike-schoen\/#primaryimage"},"thumbnailUrl":"https:\/\/www.kirche-langenfeld.de\/ev\/wp-content\/uploads\/2024\/03\/ulrike-schoen.jpg","datePublished":"2020-12-05T18:09:10+00:00","dateModified":"2025-02-26T14:25:40+00:00","breadcrumb":{"@id":"https:\/\/www.kirche-langenfeld.de\/ev\/vita-ulrike-schoen\/#breadcrumb"},"inLanguage":"de","potentialAction":[{"@type":"ReadAction","target":["https:\/\/www.kirche-langenfeld.de\/ev\/vita-ulrike-schoen\/"]}]},{"@type":"ImageObject","inLanguage":"de","@id":"https:\/\/www.kirche-langenfeld.de\/ev\/vita-ulrike-schoen\/#primaryimage","url":"https:\/\/www.kirche-langenfeld.de\/ev\/wp-content\/uploads\/2024\/03\/ulrike-schoen.jpg","contentUrl":"https:\/\/www.kirche-langenfeld.de\/ev\/wp-content\/uploads\/2024\/03\/ulrike-schoen.jpg","width":416,"height":601,"caption":"Ulrike Sch\u00f6n"},{"@type":"BreadcrumbList","@id":"https:\/\/www.kirche-langenfeld.de\/ev\/vita-ulrike-schoen\/#breadcrumb","itemListElement":[{"@type":"ListItem","position":1,"name":"Startseite","item":"https:\/\/www.kirche-langenfeld.de\/ev\/"},{"@type":"ListItem","position":2,"name":"Vita Ulrike Sch\u00f6n"}]},{"@type":"WebSite","@id":"https:\/\/www.kirche-langenfeld.de\/ev\/#website","url":"https:\/\/www.kirche-langenfeld.de\/ev\/","name":"Evangelische Kirchengemeinde Langenfeld","description":"Informationen rund um unsere Gemeinde","publisher":{"@id":"https:\/\/www.kirche-langenfeld.de\/ev\/#organization"},"potentialAction":[{"@type":"SearchAction","target":{"@type":"EntryPoint","urlTemplate":"https:\/\/www.kirche-langenfeld.de\/ev\/?s={search_term_string}"},"query-input":{"@type":"PropertyValueSpecification","valueRequired":true,"valueName":"search_term_string"}}],"inLanguage":"de"},{"@type":"Organization","@id":"https:\/\/www.kirche-langenfeld.de\/ev\/#organization","name":"Evangelische Kirchengemeinde Langenfeld","url":"https:\/\/www.kirche-langenfeld.de\/ev\/","logo":{"@type":"ImageObject","inLanguage":"de","@id":"https:\/\/www.kirche-langenfeld.de\/ev\/#\/schema\/logo\/image\/","url":"https:\/\/www.kirche-langenfeld.de\/ev\/wp-content\/uploads\/2020\/09\/logo-ev-2020.png","contentUrl":"https:\/\/www.kirche-langenfeld.de\/ev\/wp-content\/uploads\/2020\/09\/logo-ev-2020.png","width":276,"height":200,"caption":"Evangelische Kirchengemeinde Langenfeld"},"image":{"@id":"https:\/\/www.kirche-langenfeld.de\/ev\/#\/schema\/logo\/image\/"}}]}},"uagb_featured_image_src":{"full":false,"thumbnail":false,"medium":false,"medium_large":false,"large":false,"1536x1536":false,"2048x2048":false,"ocean-thumb-m":false,"ocean-thumb-ml":false,"ocean-thumb-l":false},"uagb_author_info":{"display_name":"Ulrike Sch\u00f6n","author_link":"https:\/\/www.kirche-langenfeld.de\/ev\/author\/ulrike-schoen\/"},"uagb_comment_info":0,"uagb_excerpt":"Ulrike Sch\u00f6n wurde in Kaiserslautern geboren, wo sie schon fr\u00fch Klavier- und Querfl\u00f6tenunterricht erhielt. Im Fach \u201eKlavierbegleitung\u201c konnte sie bei \u201eJugend musiziert\u201c zweimal den 1. Platz belegen. Nach dem Abitur erlernte sie zun\u00e4chst den Beruf der Krankenschwester und entdeckte erst zu dieser Zeit die evangelische Kirchenmusik. Ihren ersten Orgelunterricht bekam sie im Alter von 20&hellip;","_links":{"self":[{"href":"https:\/\/www.kirche-langenfeld.de\/ev\/wp-json\/wp\/v2\/pages\/758","targetHints":{"allow":["GET"]}}],"collection":[{"href":"https:\/\/www.kirche-langenfeld.de\/ev\/wp-json\/wp\/v2\/pages"}],"about":[{"href":"https:\/\/www.kirche-langenfeld.de\/ev\/wp-json\/wp\/v2\/types\/page"}],"author":[{"embeddable":true,"href":"https:\/\/www.kirche-langenfeld.de\/ev\/wp-json\/wp\/v2\/users\/9"}],"replies":[{"embeddable":true,"href":"https:\/\/www.kirche-langenfeld.de\/ev\/wp-json\/wp\/v2\/comments?post=758"}],"version-history":[{"count":7,"href":"https:\/\/www.kirche-langenfeld.de\/ev\/wp-json\/wp\/v2\/pages\/758\/revisions"}],"predecessor-version":[{"id":13429,"href":"https:\/\/www.kirche-langenfeld.de\/ev\/wp-json\/wp\/v2\/pages\/758\/revisions\/13429"}],"wp:attachment":[{"href":"https:\/\/www.kirche-langenfeld.de\/ev\/wp-json\/wp\/v2\/media?parent=758"}],"curies":[{"name":"wp","href":"https:\/\/api.w.org\/{rel}","templated":true}]}}