{"id":648,"date":"2020-10-24T18:34:10","date_gmt":"2020-10-24T16:34:10","guid":{"rendered":"https:\/\/www.kirche-langenfeld.de\/ev\/?page_id=648"},"modified":"2024-07-25T11:28:53","modified_gmt":"2024-07-25T09:28:53","slug":"seelsorge","status":"publish","type":"page","link":"https:\/\/www.kirche-langenfeld.de\/ev\/seelsorge\/","title":{"rendered":"Seelsorge"},"content":{"rendered":"\n<p><strong>Seelsorge und Begegnung \u2013 zwei unverzichtbare Lebens\u00e4u\u00dferungen von Kirche und Gemeinde, somit auch unserer Kirchengemeinde!<\/strong><\/p>\n\n\n\n<p>Sehen und Nachfragen, Hinh\u00f6ren und Zuh\u00f6ren, Mitgehen und Begleiten, Deutungsm\u00f6glichkeiten anbieten und einfach der Sorge, der Not, der Unsicherheit des Gegen\u00fcbers nicht ausweichen: so verstehen Christinnen und Christen in der Nachfolge Jesu und seiner J\u00fcnger ihre Bem\u00fchungen um die Menschen in ihrem Lebensumfeld (vergleiche z.B. Lukas 24, Jesu Weg mit den Emmausj\u00fcngern).<\/p>\n\n\n\n<figure class=\"wp-block-image size-large is-resized\"><img loading=\"lazy\" decoding=\"async\" src=\"https:\/\/www.kirche-langenfeld.de\/ev\/wp-content\/uploads\/2020\/11\/herz-in-hand-1024x683.png\" alt=\"Seelsorge\" class=\"wp-image-1412\" width=\"506\" height=\"337\" srcset=\"https:\/\/www.kirche-langenfeld.de\/ev\/wp-content\/uploads\/2020\/11\/herz-in-hand-1024x683.png 1024w, https:\/\/www.kirche-langenfeld.de\/ev\/wp-content\/uploads\/2020\/11\/herz-in-hand-300x200.png 300w, https:\/\/www.kirche-langenfeld.de\/ev\/wp-content\/uploads\/2020\/11\/herz-in-hand-768x512.png 768w, https:\/\/www.kirche-langenfeld.de\/ev\/wp-content\/uploads\/2020\/11\/herz-in-hand-1536x1024.png 1536w, https:\/\/www.kirche-langenfeld.de\/ev\/wp-content\/uploads\/2020\/11\/herz-in-hand.png 1920w\" sizes=\"auto, (max-width: 506px) 100vw, 506px\" \/><\/figure>\n\n\n\n<p>Dort wo Menschen ein offenes Ohr brauchen, wo sie Ihre Sorgen, Fragen oder Zweifel loswerden m\u00f6chten, ihre \u00c4ngste, Traurigkeit und Verzweiflung beschreiben und teilen wollen, finden sie in unserer Kirchengemeinde hauptamtliche, oft auch ehrenamtliche Gespr\u00e4chspartner, Anlaufstellen oder zumindest Hilfestellung bei der Suche nach der richtigen Adresse einer passenden Hilfsorganisation.<\/p>\n\n\n\n<p>Text: Silke Wipperf\u00fcrth<\/p>\n\n\n\n<h5 class=\"wp-block-heading\"><a rel=\"noreferrer noopener\" href=\"https:\/\/www.kirche-langenfeld.de\/ev\/pfarrerinnen\/\" target=\"_blank\">Kontakt zu den Pfarrerinnen und Pfarrern unserer Gemeinde<\/a><\/h5>\n\n\n\n<h5 class=\"wp-block-heading\"><a href=\"https:\/\/www.kirche-langenfeld.de\/ev\/seelsorge-themen\/\" target=\"_blank\" rel=\"noreferrer noopener\">Allgemeine Hilfsangebote und Unterst\u00fctzung<\/a><\/h5>\n","protected":false},"excerpt":{"rendered":"<p>Seelsorge und Begegnung \u2013 zwei unverzichtbare Lebens\u00e4u\u00dferungen von Kirche und Gemeinde, somit auch unserer Kirchengemeinde! Sehen und Nachfragen, Hinh\u00f6ren und Zuh\u00f6ren, Mitgehen und Begleiten, Deutungsm\u00f6glichkeiten anbieten und einfach der Sorge, der Not, der Unsicherheit des Gegen\u00fcbers nicht ausweichen: so verstehen Christinnen und Christen in der Nachfolge Jesu und seiner J\u00fcnger ihre Bem\u00fchungen um die Menschen [&hellip;]<\/p>\n","protected":false},"author":1,"featured_media":0,"parent":0,"menu_order":0,"comment_status":"closed","ping_status":"closed","template":"","meta":{"_uag_custom_page_level_css":"","pgc_sgb_lightbox_settings":"","ocean_post_layout":"","ocean_both_sidebars_style":"","ocean_both_sidebars_content_width":0,"ocean_both_sidebars_sidebars_width":0,"ocean_sidebar":"0","ocean_second_sidebar":"0","ocean_disable_margins":"enable","ocean_add_body_class":"","ocean_shortcode_before_top_bar":"","ocean_shortcode_after_top_bar":"","ocean_shortcode_before_header":"","ocean_shortcode_after_header":"","ocean_has_shortcode":"","ocean_shortcode_after_title":"","ocean_shortcode_before_footer_widgets":"","ocean_shortcode_after_footer_widgets":"","ocean_shortcode_before_footer_bottom":"","ocean_shortcode_after_footer_bottom":"","ocean_display_top_bar":"default","ocean_display_header":"default","ocean_header_style":"","ocean_center_header_left_menu":"0","ocean_custom_header_template":"0","ocean_custom_logo":0,"ocean_custom_retina_logo":0,"ocean_custom_logo_max_width":0,"ocean_custom_logo_tablet_max_width":0,"ocean_custom_logo_mobile_max_width":0,"ocean_custom_logo_max_height":0,"ocean_custom_logo_tablet_max_height":0,"ocean_custom_logo_mobile_max_height":0,"ocean_header_custom_menu":"0","ocean_menu_typo_font_family":"0","ocean_menu_typo_font_subset":"","ocean_menu_typo_font_size":0,"ocean_menu_typo_font_size_tablet":0,"ocean_menu_typo_font_size_mobile":0,"ocean_menu_typo_font_size_unit":"px","ocean_menu_typo_font_weight":"","ocean_menu_typo_font_weight_tablet":"","ocean_menu_typo_font_weight_mobile":"","ocean_menu_typo_transform":"","ocean_menu_typo_transform_tablet":"","ocean_menu_typo_transform_mobile":"","ocean_menu_typo_line_height":0,"ocean_menu_typo_line_height_tablet":0,"ocean_menu_typo_line_height_mobile":0,"ocean_menu_typo_line_height_unit":"","ocean_menu_typo_spacing":0,"ocean_menu_typo_spacing_tablet":0,"ocean_menu_typo_spacing_mobile":0,"ocean_menu_typo_spacing_unit":"","ocean_menu_link_color":"","ocean_menu_link_color_hover":"","ocean_menu_link_color_active":"","ocean_menu_link_background":"","ocean_menu_link_hover_background":"","ocean_menu_link_active_background":"","ocean_menu_social_links_bg":"","ocean_menu_social_hover_links_bg":"","ocean_menu_social_links_color":"","ocean_menu_social_hover_links_color":"","ocean_disable_title":"default","ocean_disable_heading":"default","ocean_post_title":"","ocean_post_subheading":"","ocean_post_title_style":"","ocean_post_title_background_color":"","ocean_post_title_background":0,"ocean_post_title_bg_image_position":"","ocean_post_title_bg_image_attachment":"","ocean_post_title_bg_image_repeat":"","ocean_post_title_bg_image_size":"","ocean_post_title_height":0,"ocean_post_title_bg_overlay":0.5,"ocean_post_title_bg_overlay_color":"","ocean_disable_breadcrumbs":"default","ocean_breadcrumbs_color":"","ocean_breadcrumbs_separator_color":"","ocean_breadcrumbs_links_color":"","ocean_breadcrumbs_links_hover_color":"","ocean_display_footer_widgets":"default","ocean_display_footer_bottom":"default","ocean_custom_footer_template":"0","footnotes":""},"class_list":["post-648","page","type-page","status-publish","hentry","entry"],"featured_image_src":null,"yoast_head":"<!-- This site is optimized with the Yoast SEO plugin v27.0 - https:\/\/yoast.com\/product\/yoast-seo-wordpress\/ -->\n<title>Seelsorge - Evangelische Kirchengemeinde Langenfeld<\/title>\n<meta name=\"robots\" content=\"index, follow, max-snippet:-1, max-image-preview:large, max-video-preview:-1\" \/>\n<link rel=\"canonical\" href=\"https:\/\/www.kirche-langenfeld.de\/ev\/seelsorge\/\" \/>\n<meta property=\"og:locale\" content=\"de_DE\" \/>\n<meta property=\"og:type\" content=\"article\" \/>\n<meta property=\"og:title\" content=\"Seelsorge - Evangelische Kirchengemeinde Langenfeld\" \/>\n<meta property=\"og:description\" content=\"Seelsorge und Begegnung \u2013 zwei unverzichtbare Lebens\u00e4u\u00dferungen von Kirche und Gemeinde, somit auch unserer Kirchengemeinde! Sehen und Nachfragen, Hinh\u00f6ren und Zuh\u00f6ren, Mitgehen und Begleiten, Deutungsm\u00f6glichkeiten anbieten und einfach der Sorge, der Not, der Unsicherheit des Gegen\u00fcbers nicht ausweichen: so verstehen Christinnen und Christen in der Nachfolge Jesu und seiner J\u00fcnger ihre Bem\u00fchungen um die Menschen [&hellip;]\" \/>\n<meta property=\"og:url\" content=\"https:\/\/www.kirche-langenfeld.de\/ev\/seelsorge\/\" \/>\n<meta property=\"og:site_name\" content=\"Evangelische Kirchengemeinde Langenfeld\" \/>\n<meta property=\"article:modified_time\" content=\"2024-07-25T09:28:53+00:00\" \/>\n<meta property=\"og:image\" content=\"https:\/\/www.kirche-langenfeld.de\/ev\/wp-content\/uploads\/2020\/11\/herz-in-hand-1024x683.png\" \/>\n<meta name=\"twitter:card\" content=\"summary_large_image\" \/>\n<meta name=\"twitter:label1\" content=\"Gesch\u00e4tzte Lesezeit\" \/>\n\t<meta name=\"twitter:data1\" content=\"1\u00a0Minute\" \/>\n<script type=\"application\/ld+json\" class=\"yoast-schema-graph\">{\"@context\":\"https:\/\/schema.org\",\"@graph\":[{\"@type\":\"WebPage\",\"@id\":\"https:\/\/www.kirche-langenfeld.de\/ev\/seelsorge\/\",\"url\":\"https:\/\/www.kirche-langenfeld.de\/ev\/seelsorge\/\",\"name\":\"Seelsorge - Evangelische Kirchengemeinde Langenfeld\",\"isPartOf\":{\"@id\":\"https:\/\/www.kirche-langenfeld.de\/ev\/#website\"},\"primaryImageOfPage\":{\"@id\":\"https:\/\/www.kirche-langenfeld.de\/ev\/seelsorge\/#primaryimage\"},\"image\":{\"@id\":\"https:\/\/www.kirche-langenfeld.de\/ev\/seelsorge\/#primaryimage\"},\"thumbnailUrl\":\"https:\/\/www.kirche-langenfeld.de\/ev\/wp-content\/uploads\/2020\/11\/herz-in-hand-1024x683.png\",\"datePublished\":\"2020-10-24T16:34:10+00:00\",\"dateModified\":\"2024-07-25T09:28:53+00:00\",\"breadcrumb\":{\"@id\":\"https:\/\/www.kirche-langenfeld.de\/ev\/seelsorge\/#breadcrumb\"},\"inLanguage\":\"de\",\"potentialAction\":[{\"@type\":\"ReadAction\",\"target\":[\"https:\/\/www.kirche-langenfeld.de\/ev\/seelsorge\/\"]}]},{\"@type\":\"ImageObject\",\"inLanguage\":\"de\",\"@id\":\"https:\/\/www.kirche-langenfeld.de\/ev\/seelsorge\/#primaryimage\",\"url\":\"https:\/\/www.kirche-langenfeld.de\/ev\/wp-content\/uploads\/2020\/11\/herz-in-hand.png\",\"contentUrl\":\"https:\/\/www.kirche-langenfeld.de\/ev\/wp-content\/uploads\/2020\/11\/herz-in-hand.png\",\"width\":1920,\"height\":1280,\"caption\":\"Seelsorge\"},{\"@type\":\"BreadcrumbList\",\"@id\":\"https:\/\/www.kirche-langenfeld.de\/ev\/seelsorge\/#breadcrumb\",\"itemListElement\":[{\"@type\":\"ListItem\",\"position\":1,\"name\":\"Startseite\",\"item\":\"https:\/\/www.kirche-langenfeld.de\/ev\/\"},{\"@type\":\"ListItem\",\"position\":2,\"name\":\"Seelsorge\"}]},{\"@type\":\"WebSite\",\"@id\":\"https:\/\/www.kirche-langenfeld.de\/ev\/#website\",\"url\":\"https:\/\/www.kirche-langenfeld.de\/ev\/\",\"name\":\"Evangelische Kirchengemeinde Langenfeld\",\"description\":\"Informationen rund um unsere Gemeinde\",\"publisher\":{\"@id\":\"https:\/\/www.kirche-langenfeld.de\/ev\/#organization\"},\"potentialAction\":[{\"@type\":\"SearchAction\",\"target\":{\"@type\":\"EntryPoint\",\"urlTemplate\":\"https:\/\/www.kirche-langenfeld.de\/ev\/?s={search_term_string}\"},\"query-input\":{\"@type\":\"PropertyValueSpecification\",\"valueRequired\":true,\"valueName\":\"search_term_string\"}}],\"inLanguage\":\"de\"},{\"@type\":\"Organization\",\"@id\":\"https:\/\/www.kirche-langenfeld.de\/ev\/#organization\",\"name\":\"Evangelische Kirchengemeinde Langenfeld\",\"url\":\"https:\/\/www.kirche-langenfeld.de\/ev\/\",\"logo\":{\"@type\":\"ImageObject\",\"inLanguage\":\"de\",\"@id\":\"https:\/\/www.kirche-langenfeld.de\/ev\/#\/schema\/logo\/image\/\",\"url\":\"https:\/\/www.kirche-langenfeld.de\/ev\/wp-content\/uploads\/2020\/09\/logo-ev-2020.png\",\"contentUrl\":\"https:\/\/www.kirche-langenfeld.de\/ev\/wp-content\/uploads\/2020\/09\/logo-ev-2020.png\",\"width\":276,\"height\":200,\"caption\":\"Evangelische Kirchengemeinde Langenfeld\"},\"image\":{\"@id\":\"https:\/\/www.kirche-langenfeld.de\/ev\/#\/schema\/logo\/image\/\"}}]}<\/script>\n<!-- \/ Yoast SEO plugin. -->","yoast_head_json":{"title":"Seelsorge - Evangelische Kirchengemeinde Langenfeld","robots":{"index":"index","follow":"follow","max-snippet":"max-snippet:-1","max-image-preview":"max-image-preview:large","max-video-preview":"max-video-preview:-1"},"canonical":"https:\/\/www.kirche-langenfeld.de\/ev\/seelsorge\/","og_locale":"de_DE","og_type":"article","og_title":"Seelsorge - Evangelische Kirchengemeinde Langenfeld","og_description":"Seelsorge und Begegnung \u2013 zwei unverzichtbare Lebens\u00e4u\u00dferungen von Kirche und Gemeinde, somit auch unserer Kirchengemeinde! Sehen und Nachfragen, Hinh\u00f6ren und Zuh\u00f6ren, Mitgehen und Begleiten, Deutungsm\u00f6glichkeiten anbieten und einfach der Sorge, der Not, der Unsicherheit des Gegen\u00fcbers nicht ausweichen: so verstehen Christinnen und Christen in der Nachfolge Jesu und seiner J\u00fcnger ihre Bem\u00fchungen um die Menschen [&hellip;]","og_url":"https:\/\/www.kirche-langenfeld.de\/ev\/seelsorge\/","og_site_name":"Evangelische Kirchengemeinde Langenfeld","article_modified_time":"2024-07-25T09:28:53+00:00","og_image":[{"url":"https:\/\/www.kirche-langenfeld.de\/ev\/wp-content\/uploads\/2020\/11\/herz-in-hand-1024x683.png","type":"","width":"","height":""}],"twitter_card":"summary_large_image","twitter_misc":{"Gesch\u00e4tzte Lesezeit":"1\u00a0Minute"},"schema":{"@context":"https:\/\/schema.org","@graph":[{"@type":"WebPage","@id":"https:\/\/www.kirche-langenfeld.de\/ev\/seelsorge\/","url":"https:\/\/www.kirche-langenfeld.de\/ev\/seelsorge\/","name":"Seelsorge - Evangelische Kirchengemeinde Langenfeld","isPartOf":{"@id":"https:\/\/www.kirche-langenfeld.de\/ev\/#website"},"primaryImageOfPage":{"@id":"https:\/\/www.kirche-langenfeld.de\/ev\/seelsorge\/#primaryimage"},"image":{"@id":"https:\/\/www.kirche-langenfeld.de\/ev\/seelsorge\/#primaryimage"},"thumbnailUrl":"https:\/\/www.kirche-langenfeld.de\/ev\/wp-content\/uploads\/2020\/11\/herz-in-hand-1024x683.png","datePublished":"2020-10-24T16:34:10+00:00","dateModified":"2024-07-25T09:28:53+00:00","breadcrumb":{"@id":"https:\/\/www.kirche-langenfeld.de\/ev\/seelsorge\/#breadcrumb"},"inLanguage":"de","potentialAction":[{"@type":"ReadAction","target":["https:\/\/www.kirche-langenfeld.de\/ev\/seelsorge\/"]}]},{"@type":"ImageObject","inLanguage":"de","@id":"https:\/\/www.kirche-langenfeld.de\/ev\/seelsorge\/#primaryimage","url":"https:\/\/www.kirche-langenfeld.de\/ev\/wp-content\/uploads\/2020\/11\/herz-in-hand.png","contentUrl":"https:\/\/www.kirche-langenfeld.de\/ev\/wp-content\/uploads\/2020\/11\/herz-in-hand.png","width":1920,"height":1280,"caption":"Seelsorge"},{"@type":"BreadcrumbList","@id":"https:\/\/www.kirche-langenfeld.de\/ev\/seelsorge\/#breadcrumb","itemListElement":[{"@type":"ListItem","position":1,"name":"Startseite","item":"https:\/\/www.kirche-langenfeld.de\/ev\/"},{"@type":"ListItem","position":2,"name":"Seelsorge"}]},{"@type":"WebSite","@id":"https:\/\/www.kirche-langenfeld.de\/ev\/#website","url":"https:\/\/www.kirche-langenfeld.de\/ev\/","name":"Evangelische Kirchengemeinde Langenfeld","description":"Informationen rund um unsere Gemeinde","publisher":{"@id":"https:\/\/www.kirche-langenfeld.de\/ev\/#organization"},"potentialAction":[{"@type":"SearchAction","target":{"@type":"EntryPoint","urlTemplate":"https:\/\/www.kirche-langenfeld.de\/ev\/?s={search_term_string}"},"query-input":{"@type":"PropertyValueSpecification","valueRequired":true,"valueName":"search_term_string"}}],"inLanguage":"de"},{"@type":"Organization","@id":"https:\/\/www.kirche-langenfeld.de\/ev\/#organization","name":"Evangelische Kirchengemeinde Langenfeld","url":"https:\/\/www.kirche-langenfeld.de\/ev\/","logo":{"@type":"ImageObject","inLanguage":"de","@id":"https:\/\/www.kirche-langenfeld.de\/ev\/#\/schema\/logo\/image\/","url":"https:\/\/www.kirche-langenfeld.de\/ev\/wp-content\/uploads\/2020\/09\/logo-ev-2020.png","contentUrl":"https:\/\/www.kirche-langenfeld.de\/ev\/wp-content\/uploads\/2020\/09\/logo-ev-2020.png","width":276,"height":200,"caption":"Evangelische Kirchengemeinde Langenfeld"},"image":{"@id":"https:\/\/www.kirche-langenfeld.de\/ev\/#\/schema\/logo\/image\/"}}]}},"uagb_featured_image_src":{"full":false,"thumbnail":false,"medium":false,"medium_large":false,"large":false,"1536x1536":false,"2048x2048":false,"ocean-thumb-m":false,"ocean-thumb-ml":false,"ocean-thumb-l":false},"uagb_author_info":{"display_name":"Nora Mieke","author_link":"https:\/\/www.kirche-langenfeld.de\/ev\/author\/admin-mieke\/"},"uagb_comment_info":0,"uagb_excerpt":"Seelsorge und Begegnung \u2013 zwei unverzichtbare Lebens\u00e4u\u00dferungen von Kirche und Gemeinde, somit auch unserer Kirchengemeinde! Sehen und Nachfragen, Hinh\u00f6ren und Zuh\u00f6ren, Mitgehen und Begleiten, Deutungsm\u00f6glichkeiten anbieten und einfach der Sorge, der Not, der Unsicherheit des Gegen\u00fcbers nicht ausweichen: so verstehen Christinnen und Christen in der Nachfolge Jesu und seiner J\u00fcnger ihre Bem\u00fchungen um die Menschen&hellip;","_links":{"self":[{"href":"https:\/\/www.kirche-langenfeld.de\/ev\/wp-json\/wp\/v2\/pages\/648","targetHints":{"allow":["GET"]}}],"collection":[{"href":"https:\/\/www.kirche-langenfeld.de\/ev\/wp-json\/wp\/v2\/pages"}],"about":[{"href":"https:\/\/www.kirche-langenfeld.de\/ev\/wp-json\/wp\/v2\/types\/page"}],"author":[{"embeddable":true,"href":"https:\/\/www.kirche-langenfeld.de\/ev\/wp-json\/wp\/v2\/users\/1"}],"replies":[{"embeddable":true,"href":"https:\/\/www.kirche-langenfeld.de\/ev\/wp-json\/wp\/v2\/comments?post=648"}],"version-history":[{"count":11,"href":"https:\/\/www.kirche-langenfeld.de\/ev\/wp-json\/wp\/v2\/pages\/648\/revisions"}],"predecessor-version":[{"id":12219,"href":"https:\/\/www.kirche-langenfeld.de\/ev\/wp-json\/wp\/v2\/pages\/648\/revisions\/12219"}],"wp:attachment":[{"href":"https:\/\/www.kirche-langenfeld.de\/ev\/wp-json\/wp\/v2\/media?parent=648"}],"curies":[{"name":"wp","href":"https:\/\/api.w.org\/{rel}","templated":true}]}}