{"id":625,"date":"2020-10-24T14:08:17","date_gmt":"2020-10-24T12:08:17","guid":{"rendered":"https:\/\/www.kirche-langenfeld.de\/ev\/?page_id=625"},"modified":"2025-11-30T19:17:08","modified_gmt":"2025-11-30T18:17:08","slug":"engagement","status":"publish","type":"page","link":"https:\/\/www.kirche-langenfeld.de\/ev\/engagement\/","title":{"rendered":"Ehrenamt"},"content":{"rendered":"\n<h2 class=\"wp-block-heading\">Wir suchen Allrounder, Fachleute, Herzmenschen und Zeitspender<\/h2>\n\n\n\n<p><strong>Interesse? Wir freuen uns auf Sie! Machen Sie mit:&nbsp;<\/strong>Kindergottesdienst, Kinder- und Jugendarbeit, Freizeiten, Gruppen f\u00fcr Frauen, Senioren, Menschen mit Behinderung, Chor, Band, Gemeindebriefredaktion und \u2013verteilung, \u00d6ffentlichkeitsarbeit, Homepage-Redaktion, F\u00f6rderverein, Elternrat, Gemeindeleitung, Besuchsdienst, Teamer im Treff und Fest-Gestalter<\/p>\n\n\n\n<p>In der evangelischen Kirchengemeinde ist ehrenamtliche Mitarbeit willkommen, in vielen Bereichen unerl\u00e4sslich.<\/p>\n\n\n\n<p>Ansprechpartner sind die <a href=\"https:\/\/www.kirche-langenfeld.de\/ev\/pfarrerinnen\/\" target=\"_blank\" rel=\"noreferrer noopener\">Pfarrerinnen und Pfarrer<\/a>, die <a href=\"https:\/\/www.kirche-langenfeld.de\/ev\/ansprechpartnerinnen\/\" target=\"_blank\" rel=\"noreferrer noopener\">Jugendmitarbeiterinnen<\/a> und Leitung der Einrichtung <a href=\"https:\/\/www.kirche-langenfeld.de\/ev\/kindertagesstaette-unterm-regenbogen\/\">KiTa Unterm Regenbogen<\/a>.<\/p>\n\n\n\n<p>Ehrenamtliche leisten in allen Bereichen von Kirche und Diakonie wichtige Arbeit. Sie investieren ihre private Zeit und ihre pers\u00f6nlichen F\u00e4higkeiten f\u00fcr andere. Ehrenamtliches Engagement hei\u00dft, in Gemeinde, Kirche und Gesellschaft mitzuwirken und mitzugestalten. Glaube wird im Handeln konkret und seine Umsetzung ist eine Erweiterung und Bereicherung des eigenen Lebens. Eine Gemeinschaft wird durch gegenseitiges Geben und Nehmen gestaltet, und dabei sind alle Beteiligten aufeinander angewiesen. Die Arbeit, begleitet von Fortbildungs- und Qualifikationsangeboten, f\u00f6rdert eigene Kompetenzen und schenkt auch Anerkennung.<\/p>\n","protected":false},"excerpt":{"rendered":"<p>Wir suchen Allrounder, Fachleute, Herzmenschen und Zeitspender Interesse? Wir freuen uns auf Sie! Machen Sie mit:&nbsp;Kindergottesdienst, Kinder- und Jugendarbeit, Freizeiten, Gruppen f\u00fcr Frauen, Senioren, Menschen mit Behinderung, Chor, Band, Gemeindebriefredaktion und \u2013verteilung, \u00d6ffentlichkeitsarbeit, Homepage-Redaktion, F\u00f6rderverein, Elternrat, Gemeindeleitung, Besuchsdienst, Teamer im Treff und Fest-Gestalter In der evangelischen Kirchengemeinde ist ehrenamtliche Mitarbeit willkommen, in vielen Bereichen unerl\u00e4sslich. [&hellip;]<\/p>\n","protected":false},"author":1,"featured_media":0,"parent":0,"menu_order":0,"comment_status":"closed","ping_status":"closed","template":"","meta":{"_uag_custom_page_level_css":"","pgc_sgb_lightbox_settings":"","ocean_post_layout":"","ocean_both_sidebars_style":"","ocean_both_sidebars_content_width":0,"ocean_both_sidebars_sidebars_width":0,"ocean_sidebar":"0","ocean_second_sidebar":"0","ocean_disable_margins":"enable","ocean_add_body_class":"","ocean_shortcode_before_top_bar":"","ocean_shortcode_after_top_bar":"","ocean_shortcode_before_header":"","ocean_shortcode_after_header":"","ocean_has_shortcode":"","ocean_shortcode_after_title":"","ocean_shortcode_before_footer_widgets":"","ocean_shortcode_after_footer_widgets":"","ocean_shortcode_before_footer_bottom":"","ocean_shortcode_after_footer_bottom":"","ocean_display_top_bar":"default","ocean_display_header":"default","ocean_header_style":"","ocean_center_header_left_menu":"0","ocean_custom_header_template":"0","ocean_custom_logo":0,"ocean_custom_retina_logo":0,"ocean_custom_logo_max_width":0,"ocean_custom_logo_tablet_max_width":0,"ocean_custom_logo_mobile_max_width":0,"ocean_custom_logo_max_height":0,"ocean_custom_logo_tablet_max_height":0,"ocean_custom_logo_mobile_max_height":0,"ocean_header_custom_menu":"0","ocean_menu_typo_font_family":"0","ocean_menu_typo_font_subset":"","ocean_menu_typo_font_size":0,"ocean_menu_typo_font_size_tablet":0,"ocean_menu_typo_font_size_mobile":0,"ocean_menu_typo_font_size_unit":"px","ocean_menu_typo_font_weight":"","ocean_menu_typo_font_weight_tablet":"","ocean_menu_typo_font_weight_mobile":"","ocean_menu_typo_transform":"","ocean_menu_typo_transform_tablet":"","ocean_menu_typo_transform_mobile":"","ocean_menu_typo_line_height":0,"ocean_menu_typo_line_height_tablet":0,"ocean_menu_typo_line_height_mobile":0,"ocean_menu_typo_line_height_unit":"","ocean_menu_typo_spacing":0,"ocean_menu_typo_spacing_tablet":0,"ocean_menu_typo_spacing_mobile":0,"ocean_menu_typo_spacing_unit":"","ocean_menu_link_color":"","ocean_menu_link_color_hover":"","ocean_menu_link_color_active":"","ocean_menu_link_background":"","ocean_menu_link_hover_background":"","ocean_menu_link_active_background":"","ocean_menu_social_links_bg":"","ocean_menu_social_hover_links_bg":"","ocean_menu_social_links_color":"","ocean_menu_social_hover_links_color":"","ocean_disable_title":"default","ocean_disable_heading":"default","ocean_post_title":"","ocean_post_subheading":"","ocean_post_title_style":"","ocean_post_title_background_color":"","ocean_post_title_background":0,"ocean_post_title_bg_image_position":"","ocean_post_title_bg_image_attachment":"","ocean_post_title_bg_image_repeat":"","ocean_post_title_bg_image_size":"","ocean_post_title_height":0,"ocean_post_title_bg_overlay":0.5,"ocean_post_title_bg_overlay_color":"","ocean_disable_breadcrumbs":"default","ocean_breadcrumbs_color":"","ocean_breadcrumbs_separator_color":"","ocean_breadcrumbs_links_color":"","ocean_breadcrumbs_links_hover_color":"","ocean_display_footer_widgets":"default","ocean_display_footer_bottom":"default","ocean_custom_footer_template":"0","footnotes":""},"class_list":["post-625","page","type-page","status-publish","hentry","entry"],"featured_image_src":null,"yoast_head":"<!-- This site is optimized with the Yoast SEO plugin v27.0 - https:\/\/yoast.com\/product\/yoast-seo-wordpress\/ -->\n<title>Ehrenamt - Evangelische Kirchengemeinde Langenfeld<\/title>\n<meta name=\"robots\" content=\"index, follow, max-snippet:-1, max-image-preview:large, max-video-preview:-1\" \/>\n<link rel=\"canonical\" href=\"https:\/\/www.kirche-langenfeld.de\/ev\/engagement\/\" \/>\n<meta property=\"og:locale\" content=\"de_DE\" \/>\n<meta property=\"og:type\" content=\"article\" \/>\n<meta property=\"og:title\" content=\"Ehrenamt - Evangelische Kirchengemeinde Langenfeld\" \/>\n<meta property=\"og:description\" content=\"Wir suchen Allrounder, Fachleute, Herzmenschen und Zeitspender Interesse? Wir freuen uns auf Sie! Machen Sie mit:&nbsp;Kindergottesdienst, Kinder- und Jugendarbeit, Freizeiten, Gruppen f\u00fcr Frauen, Senioren, Menschen mit Behinderung, Chor, Band, Gemeindebriefredaktion und \u2013verteilung, \u00d6ffentlichkeitsarbeit, Homepage-Redaktion, F\u00f6rderverein, Elternrat, Gemeindeleitung, Besuchsdienst, Teamer im Treff und Fest-Gestalter In der evangelischen Kirchengemeinde ist ehrenamtliche Mitarbeit willkommen, in vielen Bereichen unerl\u00e4sslich. [&hellip;]\" \/>\n<meta property=\"og:url\" content=\"https:\/\/www.kirche-langenfeld.de\/ev\/engagement\/\" \/>\n<meta property=\"og:site_name\" content=\"Evangelische Kirchengemeinde Langenfeld\" \/>\n<meta property=\"article:modified_time\" content=\"2025-11-30T18:17:08+00:00\" \/>\n<meta name=\"twitter:card\" content=\"summary_large_image\" \/>\n<meta name=\"twitter:label1\" content=\"Gesch\u00e4tzte Lesezeit\" \/>\n\t<meta name=\"twitter:data1\" content=\"1\u00a0Minute\" \/>\n<script type=\"application\/ld+json\" class=\"yoast-schema-graph\">{\"@context\":\"https:\/\/schema.org\",\"@graph\":[{\"@type\":\"WebPage\",\"@id\":\"https:\/\/www.kirche-langenfeld.de\/ev\/engagement\/\",\"url\":\"https:\/\/www.kirche-langenfeld.de\/ev\/engagement\/\",\"name\":\"Ehrenamt - Evangelische Kirchengemeinde Langenfeld\",\"isPartOf\":{\"@id\":\"https:\/\/www.kirche-langenfeld.de\/ev\/#website\"},\"datePublished\":\"2020-10-24T12:08:17+00:00\",\"dateModified\":\"2025-11-30T18:17:08+00:00\",\"breadcrumb\":{\"@id\":\"https:\/\/www.kirche-langenfeld.de\/ev\/engagement\/#breadcrumb\"},\"inLanguage\":\"de\",\"potentialAction\":[{\"@type\":\"ReadAction\",\"target\":[\"https:\/\/www.kirche-langenfeld.de\/ev\/engagement\/\"]}]},{\"@type\":\"BreadcrumbList\",\"@id\":\"https:\/\/www.kirche-langenfeld.de\/ev\/engagement\/#breadcrumb\",\"itemListElement\":[{\"@type\":\"ListItem\",\"position\":1,\"name\":\"Startseite\",\"item\":\"https:\/\/www.kirche-langenfeld.de\/ev\/\"},{\"@type\":\"ListItem\",\"position\":2,\"name\":\"Ehrenamt\"}]},{\"@type\":\"WebSite\",\"@id\":\"https:\/\/www.kirche-langenfeld.de\/ev\/#website\",\"url\":\"https:\/\/www.kirche-langenfeld.de\/ev\/\",\"name\":\"Evangelische Kirchengemeinde Langenfeld\",\"description\":\"Informationen rund um unsere Gemeinde\",\"publisher\":{\"@id\":\"https:\/\/www.kirche-langenfeld.de\/ev\/#organization\"},\"potentialAction\":[{\"@type\":\"SearchAction\",\"target\":{\"@type\":\"EntryPoint\",\"urlTemplate\":\"https:\/\/www.kirche-langenfeld.de\/ev\/?s={search_term_string}\"},\"query-input\":{\"@type\":\"PropertyValueSpecification\",\"valueRequired\":true,\"valueName\":\"search_term_string\"}}],\"inLanguage\":\"de\"},{\"@type\":\"Organization\",\"@id\":\"https:\/\/www.kirche-langenfeld.de\/ev\/#organization\",\"name\":\"Evangelische Kirchengemeinde Langenfeld\",\"url\":\"https:\/\/www.kirche-langenfeld.de\/ev\/\",\"logo\":{\"@type\":\"ImageObject\",\"inLanguage\":\"de\",\"@id\":\"https:\/\/www.kirche-langenfeld.de\/ev\/#\/schema\/logo\/image\/\",\"url\":\"https:\/\/www.kirche-langenfeld.de\/ev\/wp-content\/uploads\/2020\/09\/logo-ev-2020.png\",\"contentUrl\":\"https:\/\/www.kirche-langenfeld.de\/ev\/wp-content\/uploads\/2020\/09\/logo-ev-2020.png\",\"width\":276,\"height\":200,\"caption\":\"Evangelische Kirchengemeinde Langenfeld\"},\"image\":{\"@id\":\"https:\/\/www.kirche-langenfeld.de\/ev\/#\/schema\/logo\/image\/\"}}]}<\/script>\n<!-- \/ Yoast SEO plugin. -->","yoast_head_json":{"title":"Ehrenamt - Evangelische Kirchengemeinde Langenfeld","robots":{"index":"index","follow":"follow","max-snippet":"max-snippet:-1","max-image-preview":"max-image-preview:large","max-video-preview":"max-video-preview:-1"},"canonical":"https:\/\/www.kirche-langenfeld.de\/ev\/engagement\/","og_locale":"de_DE","og_type":"article","og_title":"Ehrenamt - Evangelische Kirchengemeinde Langenfeld","og_description":"Wir suchen Allrounder, Fachleute, Herzmenschen und Zeitspender Interesse? Wir freuen uns auf Sie! Machen Sie mit:&nbsp;Kindergottesdienst, Kinder- und Jugendarbeit, Freizeiten, Gruppen f\u00fcr Frauen, Senioren, Menschen mit Behinderung, Chor, Band, Gemeindebriefredaktion und \u2013verteilung, \u00d6ffentlichkeitsarbeit, Homepage-Redaktion, F\u00f6rderverein, Elternrat, Gemeindeleitung, Besuchsdienst, Teamer im Treff und Fest-Gestalter In der evangelischen Kirchengemeinde ist ehrenamtliche Mitarbeit willkommen, in vielen Bereichen unerl\u00e4sslich. [&hellip;]","og_url":"https:\/\/www.kirche-langenfeld.de\/ev\/engagement\/","og_site_name":"Evangelische Kirchengemeinde Langenfeld","article_modified_time":"2025-11-30T18:17:08+00:00","twitter_card":"summary_large_image","twitter_misc":{"Gesch\u00e4tzte Lesezeit":"1\u00a0Minute"},"schema":{"@context":"https:\/\/schema.org","@graph":[{"@type":"WebPage","@id":"https:\/\/www.kirche-langenfeld.de\/ev\/engagement\/","url":"https:\/\/www.kirche-langenfeld.de\/ev\/engagement\/","name":"Ehrenamt - Evangelische Kirchengemeinde Langenfeld","isPartOf":{"@id":"https:\/\/www.kirche-langenfeld.de\/ev\/#website"},"datePublished":"2020-10-24T12:08:17+00:00","dateModified":"2025-11-30T18:17:08+00:00","breadcrumb":{"@id":"https:\/\/www.kirche-langenfeld.de\/ev\/engagement\/#breadcrumb"},"inLanguage":"de","potentialAction":[{"@type":"ReadAction","target":["https:\/\/www.kirche-langenfeld.de\/ev\/engagement\/"]}]},{"@type":"BreadcrumbList","@id":"https:\/\/www.kirche-langenfeld.de\/ev\/engagement\/#breadcrumb","itemListElement":[{"@type":"ListItem","position":1,"name":"Startseite","item":"https:\/\/www.kirche-langenfeld.de\/ev\/"},{"@type":"ListItem","position":2,"name":"Ehrenamt"}]},{"@type":"WebSite","@id":"https:\/\/www.kirche-langenfeld.de\/ev\/#website","url":"https:\/\/www.kirche-langenfeld.de\/ev\/","name":"Evangelische Kirchengemeinde Langenfeld","description":"Informationen rund um unsere Gemeinde","publisher":{"@id":"https:\/\/www.kirche-langenfeld.de\/ev\/#organization"},"potentialAction":[{"@type":"SearchAction","target":{"@type":"EntryPoint","urlTemplate":"https:\/\/www.kirche-langenfeld.de\/ev\/?s={search_term_string}"},"query-input":{"@type":"PropertyValueSpecification","valueRequired":true,"valueName":"search_term_string"}}],"inLanguage":"de"},{"@type":"Organization","@id":"https:\/\/www.kirche-langenfeld.de\/ev\/#organization","name":"Evangelische Kirchengemeinde Langenfeld","url":"https:\/\/www.kirche-langenfeld.de\/ev\/","logo":{"@type":"ImageObject","inLanguage":"de","@id":"https:\/\/www.kirche-langenfeld.de\/ev\/#\/schema\/logo\/image\/","url":"https:\/\/www.kirche-langenfeld.de\/ev\/wp-content\/uploads\/2020\/09\/logo-ev-2020.png","contentUrl":"https:\/\/www.kirche-langenfeld.de\/ev\/wp-content\/uploads\/2020\/09\/logo-ev-2020.png","width":276,"height":200,"caption":"Evangelische Kirchengemeinde Langenfeld"},"image":{"@id":"https:\/\/www.kirche-langenfeld.de\/ev\/#\/schema\/logo\/image\/"}}]}},"uagb_featured_image_src":{"full":false,"thumbnail":false,"medium":false,"medium_large":false,"large":false,"1536x1536":false,"2048x2048":false,"ocean-thumb-m":false,"ocean-thumb-ml":false,"ocean-thumb-l":false},"uagb_author_info":{"display_name":"Nora Mieke","author_link":"https:\/\/www.kirche-langenfeld.de\/ev\/author\/admin-mieke\/"},"uagb_comment_info":0,"uagb_excerpt":"Wir suchen Allrounder, Fachleute, Herzmenschen und Zeitspender Interesse? Wir freuen uns auf Sie! Machen Sie mit:&nbsp;Kindergottesdienst, Kinder- und Jugendarbeit, Freizeiten, Gruppen f\u00fcr Frauen, Senioren, Menschen mit Behinderung, Chor, Band, Gemeindebriefredaktion und \u2013verteilung, \u00d6ffentlichkeitsarbeit, Homepage-Redaktion, F\u00f6rderverein, Elternrat, Gemeindeleitung, Besuchsdienst, Teamer im Treff und Fest-Gestalter In der evangelischen Kirchengemeinde ist ehrenamtliche Mitarbeit willkommen, in vielen Bereichen unerl\u00e4sslich.&hellip;","_links":{"self":[{"href":"https:\/\/www.kirche-langenfeld.de\/ev\/wp-json\/wp\/v2\/pages\/625","targetHints":{"allow":["GET"]}}],"collection":[{"href":"https:\/\/www.kirche-langenfeld.de\/ev\/wp-json\/wp\/v2\/pages"}],"about":[{"href":"https:\/\/www.kirche-langenfeld.de\/ev\/wp-json\/wp\/v2\/types\/page"}],"author":[{"embeddable":true,"href":"https:\/\/www.kirche-langenfeld.de\/ev\/wp-json\/wp\/v2\/users\/1"}],"replies":[{"embeddable":true,"href":"https:\/\/www.kirche-langenfeld.de\/ev\/wp-json\/wp\/v2\/comments?post=625"}],"version-history":[{"count":27,"href":"https:\/\/www.kirche-langenfeld.de\/ev\/wp-json\/wp\/v2\/pages\/625\/revisions"}],"predecessor-version":[{"id":15132,"href":"https:\/\/www.kirche-langenfeld.de\/ev\/wp-json\/wp\/v2\/pages\/625\/revisions\/15132"}],"wp:attachment":[{"href":"https:\/\/www.kirche-langenfeld.de\/ev\/wp-json\/wp\/v2\/media?parent=625"}],"curies":[{"name":"wp","href":"https:\/\/api.w.org\/{rel}","templated":true}]}}