{"id":553,"date":"2020-10-23T18:53:24","date_gmt":"2020-10-23T16:53:24","guid":{"rendered":"https:\/\/www.kirche-langenfeld.de\/ev\/?page_id=553"},"modified":"2026-02-03T09:49:24","modified_gmt":"2026-02-03T08:49:24","slug":"kirchenmusik","status":"publish","type":"page","link":"https:\/\/www.kirche-langenfeld.de\/ev\/kirchenmusik\/","title":{"rendered":"Kirchenmusik"},"content":{"rendered":"\n<blockquote class=\"wp-block-quote is-layout-flow wp-block-quote-is-layout-flow\">\n<p>&#8222;Es flie\u00dft mir das Herz \u00fcber vor Dankbarkeit gegen die Musik, die mich so oft erquickt und aus gro\u00dfen N\u00f6ten gerettet hat.&#8220;<\/p>\n<cite>Martin Luther (1483-1546<\/cite><\/blockquote>\n\n\n\n<p>Was es aktuell zu h\u00f6ren gibt, finden Sie in unserem Gemeindebrief und in den ausliegenden Halbjahresflyern. <\/p>\n\n\n\n<div class=\"wp-block-uagb-icon-list uagb-block-f24f155a uagb-icon-list__outer-wrap uagb-icon-list__layout-vertical\"><div class=\"uagb-icon-list__wrap\">\n<div class=\"wp-block-uagb-icon-list-child uagb-block-f0e73304 uagb-icon-list-repeater uagb-icon-list__wrapper\"><a target=\"_self\" aria-label=\"\u00dcbersicht aller musikalischer Gruppen\" rel=\"noopener noreferrer\" href=\"https:\/\/www.kirche-langenfeld.de\/ev\/unsere-gruppen\/\"> <\/a><span class=\"uagb-icon-list__source-wrap\"><svg xmlns=\"https:\/\/www.w3.org\/2000\/svg\" viewBox=\"0 0 512 512\"><path d=\"M256 0C114.6 0 0 114.6 0 256c0 141.4 114.6 256 256 256s256-114.6 256-256C512 114.6 397.4 0 256 0zM406.6 278.6l-103.1 103.1c-12.5 12.5-32.75 12.5-45.25 0s-12.5-32.75 0-45.25L306.8 288H128C110.3 288 96 273.7 96 256s14.31-32 32-32h178.8l-49.38-49.38c-12.5-12.5-12.5-32.75 0-45.25s32.75-12.5 45.25 0l103.1 103.1C414.6 241.3 416 251.1 416 256C416 260.9 414.6 270.7 406.6 278.6z\"><\/path><\/svg><\/span><span class=\"uagb-icon-list__label\"><strong>\u00dcbersicht aller musikalischer Gruppen<\/strong><\/span><\/div>\n\n\n\n<div class=\"wp-block-uagb-icon-list-child uagb-block-974ab091 uagb-icon-list-repeater uagb-icon-list__wrapper\"><a target=\"_self\" aria-label=\"Kontakt zu den MusikerInnen\" rel=\"noopener noreferrer\" href=\"https:\/\/www.kirche-langenfeld.de\/ev\/musiker-innen\/\"> <\/a><span class=\"uagb-icon-list__source-wrap\"><svg xmlns=\"https:\/\/www.w3.org\/2000\/svg\" viewBox=\"0 0 512 512\"><path d=\"M256 0C114.6 0 0 114.6 0 256c0 141.4 114.6 256 256 256s256-114.6 256-256C512 114.6 397.4 0 256 0zM406.6 278.6l-103.1 103.1c-12.5 12.5-32.75 12.5-45.25 0s-12.5-32.75 0-45.25L306.8 288H128C110.3 288 96 273.7 96 256s14.31-32 32-32h178.8l-49.38-49.38c-12.5-12.5-12.5-32.75 0-45.25s32.75-12.5 45.25 0l103.1 103.1C414.6 241.3 416 251.1 416 256C416 260.9 414.6 270.7 406.6 278.6z\"><\/path><\/svg><\/span><span class=\"uagb-icon-list__label\"><strong>Kontakt zu den MusikerInnen<\/strong><\/span><\/div>\n\n\n\n<div class=\"wp-block-uagb-icon-list-child uagb-block-b18bebce uagb-icon-list-repeater uagb-icon-list__wrapper\"><a target=\"_self\" aria-label=\"Halbjahresflyer 2026-1\" rel=\"noopener noreferrer\" href=\"https:\/\/www.kirche-langenfeld.de\/ev\/wp-content\/uploads\/2026\/02\/Flyer-1.-HJ-2026.pdf\"> <\/a><span class=\"uagb-icon-list__source-wrap\"><svg xmlns=\"https:\/\/www.w3.org\/2000\/svg\" viewBox=\"0 0 512 512\"><path d=\"M256 0C114.6 0 0 114.6 0 256c0 141.4 114.6 256 256 256s256-114.6 256-256C512 114.6 397.4 0 256 0zM406.6 278.6l-103.1 103.1c-12.5 12.5-32.75 12.5-45.25 0s-12.5-32.75 0-45.25L306.8 288H128C110.3 288 96 273.7 96 256s14.31-32 32-32h178.8l-49.38-49.38c-12.5-12.5-12.5-32.75 0-45.25s32.75-12.5 45.25 0l103.1 103.1C414.6 241.3 416 251.1 416 256C416 260.9 414.6 270.7 406.6 278.6z\"><\/path><\/svg><\/span><span class=\"uagb-icon-list__label\"><strong>Halbjahresflyer 2026-1<\/strong><\/span><\/div>\n<\/div><\/div>\n\n\n\n<figure class=\"wp-block-image size-medium is-resized\"><img loading=\"lazy\" decoding=\"async\" width=\"300\" height=\"225\" src=\"https:\/\/www.kirche-langenfeld.de\/ev\/wp-content\/uploads\/2020\/10\/Orgeltasten-300x225.jpg\" alt=\"Orgeltasten\" class=\"wp-image-371\" style=\"width:611px;height:459px\" srcset=\"https:\/\/www.kirche-langenfeld.de\/ev\/wp-content\/uploads\/2020\/10\/Orgeltasten-300x225.jpg 300w, https:\/\/www.kirche-langenfeld.de\/ev\/wp-content\/uploads\/2020\/10\/Orgeltasten-1024x768.jpg 1024w, https:\/\/www.kirche-langenfeld.de\/ev\/wp-content\/uploads\/2020\/10\/Orgeltasten-768x576.jpg 768w, https:\/\/www.kirche-langenfeld.de\/ev\/wp-content\/uploads\/2020\/10\/Orgeltasten-1536x1152.jpg 1536w, https:\/\/www.kirche-langenfeld.de\/ev\/wp-content\/uploads\/2020\/10\/Orgeltasten-2048x1536.jpg 2048w\" sizes=\"auto, (max-width: 300px) 100vw, 300px\" \/><figcaption class=\"wp-element-caption\">Orgeltasten der Schuke-Orgel in der Lukaskirche<\/figcaption><\/figure>\n\n\n\n<p>Musikgottesdienste, Kammermusik, Oratorien, Gospelkonzerte und Workshops verschiedener Art und noch viel mehr: Musik in der Kirche wird gestaltet von Kantorinnen, von Gemeindemitgliedern und begeisterten Chors\u00e4ngern, aber auch von externen Musikern, Orchestern und Solisten, f\u00fcr die Kirchen nicht unbedingt zum normalen Spielort geh\u00f6ren.<br>Die Kantorinnen und Kantoren der Evangelischen Kirchengemeinde Langenfeld gestalten die sonnt\u00e4glichen Gottesdienste an allen vier Predigtst\u00e4tten unserer Gemeinde, begleiten Schulgottesdienste, Hochzeiten und Beerdigungen, singen mit Menschen in Seniorenheimen, proben mit verschiedenen Ch\u00f6ren, organisieren und spielen Konzerte und besondere Musikgottesdienste und \u00fcben nat\u00fcrlich regelm\u00e4\u00dfig Orgel und Klavier. Gern k\u00f6nnen Sie uns ansprechen, wenn Sie in einer unserer Gruppen mitmachen m\u00f6chten. Die Musik tr\u00e4gt im Zusammenspiel mit dem Pfarrer oder der Pfarrerin zur lebendigen Verk\u00fcndigung bei.<\/p>\n","protected":false},"excerpt":{"rendered":"<p>&#8222;Es flie\u00dft mir das Herz \u00fcber vor Dankbarkeit gegen die Musik, die mich so oft erquickt und aus gro\u00dfen N\u00f6ten gerettet hat.&#8220; Martin Luther (1483-1546 Was es aktuell zu h\u00f6ren gibt, finden Sie in unserem Gemeindebrief und in den ausliegenden Halbjahresflyern. Musikgottesdienste, Kammermusik, Oratorien, Gospelkonzerte und Workshops verschiedener Art und noch viel mehr: Musik in [&hellip;]<\/p>\n","protected":false},"author":9,"featured_media":371,"parent":0,"menu_order":0,"comment_status":"closed","ping_status":"closed","template":"","meta":{"_uag_custom_page_level_css":"","pgc_sgb_lightbox_settings":"","ocean_post_layout":"","ocean_both_sidebars_style":"","ocean_both_sidebars_content_width":0,"ocean_both_sidebars_sidebars_width":0,"ocean_sidebar":"0","ocean_second_sidebar":"0","ocean_disable_margins":"enable","ocean_add_body_class":"","ocean_shortcode_before_top_bar":"","ocean_shortcode_after_top_bar":"","ocean_shortcode_before_header":"","ocean_shortcode_after_header":"","ocean_has_shortcode":"","ocean_shortcode_after_title":"","ocean_shortcode_before_footer_widgets":"","ocean_shortcode_after_footer_widgets":"","ocean_shortcode_before_footer_bottom":"","ocean_shortcode_after_footer_bottom":"","ocean_display_top_bar":"default","ocean_display_header":"default","ocean_header_style":"","ocean_center_header_left_menu":"0","ocean_custom_header_template":"0","ocean_custom_logo":0,"ocean_custom_retina_logo":0,"ocean_custom_logo_max_width":0,"ocean_custom_logo_tablet_max_width":0,"ocean_custom_logo_mobile_max_width":0,"ocean_custom_logo_max_height":0,"ocean_custom_logo_tablet_max_height":0,"ocean_custom_logo_mobile_max_height":0,"ocean_header_custom_menu":"0","ocean_menu_typo_font_family":"0","ocean_menu_typo_font_subset":"","ocean_menu_typo_font_size":0,"ocean_menu_typo_font_size_tablet":0,"ocean_menu_typo_font_size_mobile":0,"ocean_menu_typo_font_size_unit":"px","ocean_menu_typo_font_weight":"","ocean_menu_typo_font_weight_tablet":"","ocean_menu_typo_font_weight_mobile":"","ocean_menu_typo_transform":"","ocean_menu_typo_transform_tablet":"","ocean_menu_typo_transform_mobile":"","ocean_menu_typo_line_height":0,"ocean_menu_typo_line_height_tablet":0,"ocean_menu_typo_line_height_mobile":0,"ocean_menu_typo_line_height_unit":"","ocean_menu_typo_spacing":0,"ocean_menu_typo_spacing_tablet":0,"ocean_menu_typo_spacing_mobile":0,"ocean_menu_typo_spacing_unit":"","ocean_menu_link_color":"","ocean_menu_link_color_hover":"","ocean_menu_link_color_active":"","ocean_menu_link_background":"","ocean_menu_link_hover_background":"","ocean_menu_link_active_background":"","ocean_menu_social_links_bg":"","ocean_menu_social_hover_links_bg":"","ocean_menu_social_links_color":"","ocean_menu_social_hover_links_color":"","ocean_disable_title":"default","ocean_disable_heading":"default","ocean_post_title":"","ocean_post_subheading":"","ocean_post_title_style":"","ocean_post_title_background_color":"","ocean_post_title_background":0,"ocean_post_title_bg_image_position":"","ocean_post_title_bg_image_attachment":"","ocean_post_title_bg_image_repeat":"","ocean_post_title_bg_image_size":"","ocean_post_title_height":0,"ocean_post_title_bg_overlay":0.5,"ocean_post_title_bg_overlay_color":"","ocean_disable_breadcrumbs":"default","ocean_breadcrumbs_color":"","ocean_breadcrumbs_separator_color":"","ocean_breadcrumbs_links_color":"","ocean_breadcrumbs_links_hover_color":"","ocean_display_footer_widgets":"default","ocean_display_footer_bottom":"default","ocean_custom_footer_template":"0","footnotes":""},"class_list":["post-553","page","type-page","status-publish","has-post-thumbnail","hentry","entry","has-media"],"featured_image_src":"https:\/\/www.kirche-langenfeld.de\/ev\/wp-content\/uploads\/2020\/10\/Orgeltasten-scaled.jpg","yoast_head":"<!-- This site is optimized with the Yoast SEO plugin v27.0 - https:\/\/yoast.com\/product\/yoast-seo-wordpress\/ -->\n<title>Kirchenmusik - Evangelische Kirchengemeinde Langenfeld<\/title>\n<meta name=\"robots\" content=\"index, follow, max-snippet:-1, max-image-preview:large, max-video-preview:-1\" \/>\n<link rel=\"canonical\" href=\"https:\/\/www.kirche-langenfeld.de\/ev\/kirchenmusik\/\" \/>\n<meta property=\"og:locale\" content=\"de_DE\" \/>\n<meta property=\"og:type\" content=\"article\" \/>\n<meta property=\"og:title\" content=\"Kirchenmusik - Evangelische Kirchengemeinde Langenfeld\" \/>\n<meta property=\"og:description\" content=\"&#8222;Es flie\u00dft mir das Herz \u00fcber vor Dankbarkeit gegen die Musik, die mich so oft erquickt und aus gro\u00dfen N\u00f6ten gerettet hat.&#8220; Martin Luther (1483-1546 Was es aktuell zu h\u00f6ren gibt, finden Sie in unserem Gemeindebrief und in den ausliegenden Halbjahresflyern. Musikgottesdienste, Kammermusik, Oratorien, Gospelkonzerte und Workshops verschiedener Art und noch viel mehr: Musik in [&hellip;]\" \/>\n<meta property=\"og:url\" content=\"https:\/\/www.kirche-langenfeld.de\/ev\/kirchenmusik\/\" \/>\n<meta property=\"og:site_name\" content=\"Evangelische Kirchengemeinde Langenfeld\" \/>\n<meta property=\"article:modified_time\" content=\"2026-02-03T08:49:24+00:00\" \/>\n<meta property=\"og:image\" content=\"https:\/\/www.kirche-langenfeld.de\/ev\/wp-content\/uploads\/2020\/10\/Orgeltasten-scaled.jpg\" \/>\n\t<meta property=\"og:image:width\" content=\"2560\" \/>\n\t<meta property=\"og:image:height\" content=\"1920\" \/>\n\t<meta property=\"og:image:type\" content=\"image\/jpeg\" \/>\n<meta name=\"twitter:card\" content=\"summary_large_image\" \/>\n<meta name=\"twitter:label1\" content=\"Gesch\u00e4tzte Lesezeit\" \/>\n\t<meta name=\"twitter:data1\" content=\"2\u00a0Minuten\" \/>\n<script type=\"application\/ld+json\" class=\"yoast-schema-graph\">{\"@context\":\"https:\/\/schema.org\",\"@graph\":[{\"@type\":\"WebPage\",\"@id\":\"https:\/\/www.kirche-langenfeld.de\/ev\/kirchenmusik\/\",\"url\":\"https:\/\/www.kirche-langenfeld.de\/ev\/kirchenmusik\/\",\"name\":\"Kirchenmusik - Evangelische Kirchengemeinde Langenfeld\",\"isPartOf\":{\"@id\":\"https:\/\/www.kirche-langenfeld.de\/ev\/#website\"},\"primaryImageOfPage\":{\"@id\":\"https:\/\/www.kirche-langenfeld.de\/ev\/kirchenmusik\/#primaryimage\"},\"image\":{\"@id\":\"https:\/\/www.kirche-langenfeld.de\/ev\/kirchenmusik\/#primaryimage\"},\"thumbnailUrl\":\"https:\/\/www.kirche-langenfeld.de\/ev\/wp-content\/uploads\/2020\/10\/Orgeltasten-scaled.jpg\",\"datePublished\":\"2020-10-23T16:53:24+00:00\",\"dateModified\":\"2026-02-03T08:49:24+00:00\",\"breadcrumb\":{\"@id\":\"https:\/\/www.kirche-langenfeld.de\/ev\/kirchenmusik\/#breadcrumb\"},\"inLanguage\":\"de\",\"potentialAction\":[{\"@type\":\"ReadAction\",\"target\":[\"https:\/\/www.kirche-langenfeld.de\/ev\/kirchenmusik\/\"]}]},{\"@type\":\"ImageObject\",\"inLanguage\":\"de\",\"@id\":\"https:\/\/www.kirche-langenfeld.de\/ev\/kirchenmusik\/#primaryimage\",\"url\":\"https:\/\/www.kirche-langenfeld.de\/ev\/wp-content\/uploads\/2020\/10\/Orgeltasten-scaled.jpg\",\"contentUrl\":\"https:\/\/www.kirche-langenfeld.de\/ev\/wp-content\/uploads\/2020\/10\/Orgeltasten-scaled.jpg\",\"width\":2560,\"height\":1920,\"caption\":\"Orgeltasten\"},{\"@type\":\"BreadcrumbList\",\"@id\":\"https:\/\/www.kirche-langenfeld.de\/ev\/kirchenmusik\/#breadcrumb\",\"itemListElement\":[{\"@type\":\"ListItem\",\"position\":1,\"name\":\"Startseite\",\"item\":\"https:\/\/www.kirche-langenfeld.de\/ev\/\"},{\"@type\":\"ListItem\",\"position\":2,\"name\":\"Kirchenmusik\"}]},{\"@type\":\"WebSite\",\"@id\":\"https:\/\/www.kirche-langenfeld.de\/ev\/#website\",\"url\":\"https:\/\/www.kirche-langenfeld.de\/ev\/\",\"name\":\"Evangelische Kirchengemeinde Langenfeld\",\"description\":\"Informationen rund um unsere Gemeinde\",\"publisher\":{\"@id\":\"https:\/\/www.kirche-langenfeld.de\/ev\/#organization\"},\"potentialAction\":[{\"@type\":\"SearchAction\",\"target\":{\"@type\":\"EntryPoint\",\"urlTemplate\":\"https:\/\/www.kirche-langenfeld.de\/ev\/?s={search_term_string}\"},\"query-input\":{\"@type\":\"PropertyValueSpecification\",\"valueRequired\":true,\"valueName\":\"search_term_string\"}}],\"inLanguage\":\"de\"},{\"@type\":\"Organization\",\"@id\":\"https:\/\/www.kirche-langenfeld.de\/ev\/#organization\",\"name\":\"Evangelische Kirchengemeinde Langenfeld\",\"url\":\"https:\/\/www.kirche-langenfeld.de\/ev\/\",\"logo\":{\"@type\":\"ImageObject\",\"inLanguage\":\"de\",\"@id\":\"https:\/\/www.kirche-langenfeld.de\/ev\/#\/schema\/logo\/image\/\",\"url\":\"https:\/\/www.kirche-langenfeld.de\/ev\/wp-content\/uploads\/2020\/09\/logo-ev-2020.png\",\"contentUrl\":\"https:\/\/www.kirche-langenfeld.de\/ev\/wp-content\/uploads\/2020\/09\/logo-ev-2020.png\",\"width\":276,\"height\":200,\"caption\":\"Evangelische Kirchengemeinde Langenfeld\"},\"image\":{\"@id\":\"https:\/\/www.kirche-langenfeld.de\/ev\/#\/schema\/logo\/image\/\"}}]}<\/script>\n<!-- \/ Yoast SEO plugin. -->","yoast_head_json":{"title":"Kirchenmusik - Evangelische Kirchengemeinde Langenfeld","robots":{"index":"index","follow":"follow","max-snippet":"max-snippet:-1","max-image-preview":"max-image-preview:large","max-video-preview":"max-video-preview:-1"},"canonical":"https:\/\/www.kirche-langenfeld.de\/ev\/kirchenmusik\/","og_locale":"de_DE","og_type":"article","og_title":"Kirchenmusik - Evangelische Kirchengemeinde Langenfeld","og_description":"&#8222;Es flie\u00dft mir das Herz \u00fcber vor Dankbarkeit gegen die Musik, die mich so oft erquickt und aus gro\u00dfen N\u00f6ten gerettet hat.&#8220; Martin Luther (1483-1546 Was es aktuell zu h\u00f6ren gibt, finden Sie in unserem Gemeindebrief und in den ausliegenden Halbjahresflyern. Musikgottesdienste, Kammermusik, Oratorien, Gospelkonzerte und Workshops verschiedener Art und noch viel mehr: Musik in [&hellip;]","og_url":"https:\/\/www.kirche-langenfeld.de\/ev\/kirchenmusik\/","og_site_name":"Evangelische Kirchengemeinde Langenfeld","article_modified_time":"2026-02-03T08:49:24+00:00","og_image":[{"width":2560,"height":1920,"url":"https:\/\/www.kirche-langenfeld.de\/ev\/wp-content\/uploads\/2020\/10\/Orgeltasten-scaled.jpg","type":"image\/jpeg"}],"twitter_card":"summary_large_image","twitter_misc":{"Gesch\u00e4tzte Lesezeit":"2\u00a0Minuten"},"schema":{"@context":"https:\/\/schema.org","@graph":[{"@type":"WebPage","@id":"https:\/\/www.kirche-langenfeld.de\/ev\/kirchenmusik\/","url":"https:\/\/www.kirche-langenfeld.de\/ev\/kirchenmusik\/","name":"Kirchenmusik - Evangelische Kirchengemeinde Langenfeld","isPartOf":{"@id":"https:\/\/www.kirche-langenfeld.de\/ev\/#website"},"primaryImageOfPage":{"@id":"https:\/\/www.kirche-langenfeld.de\/ev\/kirchenmusik\/#primaryimage"},"image":{"@id":"https:\/\/www.kirche-langenfeld.de\/ev\/kirchenmusik\/#primaryimage"},"thumbnailUrl":"https:\/\/www.kirche-langenfeld.de\/ev\/wp-content\/uploads\/2020\/10\/Orgeltasten-scaled.jpg","datePublished":"2020-10-23T16:53:24+00:00","dateModified":"2026-02-03T08:49:24+00:00","breadcrumb":{"@id":"https:\/\/www.kirche-langenfeld.de\/ev\/kirchenmusik\/#breadcrumb"},"inLanguage":"de","potentialAction":[{"@type":"ReadAction","target":["https:\/\/www.kirche-langenfeld.de\/ev\/kirchenmusik\/"]}]},{"@type":"ImageObject","inLanguage":"de","@id":"https:\/\/www.kirche-langenfeld.de\/ev\/kirchenmusik\/#primaryimage","url":"https:\/\/www.kirche-langenfeld.de\/ev\/wp-content\/uploads\/2020\/10\/Orgeltasten-scaled.jpg","contentUrl":"https:\/\/www.kirche-langenfeld.de\/ev\/wp-content\/uploads\/2020\/10\/Orgeltasten-scaled.jpg","width":2560,"height":1920,"caption":"Orgeltasten"},{"@type":"BreadcrumbList","@id":"https:\/\/www.kirche-langenfeld.de\/ev\/kirchenmusik\/#breadcrumb","itemListElement":[{"@type":"ListItem","position":1,"name":"Startseite","item":"https:\/\/www.kirche-langenfeld.de\/ev\/"},{"@type":"ListItem","position":2,"name":"Kirchenmusik"}]},{"@type":"WebSite","@id":"https:\/\/www.kirche-langenfeld.de\/ev\/#website","url":"https:\/\/www.kirche-langenfeld.de\/ev\/","name":"Evangelische Kirchengemeinde Langenfeld","description":"Informationen rund um unsere Gemeinde","publisher":{"@id":"https:\/\/www.kirche-langenfeld.de\/ev\/#organization"},"potentialAction":[{"@type":"SearchAction","target":{"@type":"EntryPoint","urlTemplate":"https:\/\/www.kirche-langenfeld.de\/ev\/?s={search_term_string}"},"query-input":{"@type":"PropertyValueSpecification","valueRequired":true,"valueName":"search_term_string"}}],"inLanguage":"de"},{"@type":"Organization","@id":"https:\/\/www.kirche-langenfeld.de\/ev\/#organization","name":"Evangelische Kirchengemeinde Langenfeld","url":"https:\/\/www.kirche-langenfeld.de\/ev\/","logo":{"@type":"ImageObject","inLanguage":"de","@id":"https:\/\/www.kirche-langenfeld.de\/ev\/#\/schema\/logo\/image\/","url":"https:\/\/www.kirche-langenfeld.de\/ev\/wp-content\/uploads\/2020\/09\/logo-ev-2020.png","contentUrl":"https:\/\/www.kirche-langenfeld.de\/ev\/wp-content\/uploads\/2020\/09\/logo-ev-2020.png","width":276,"height":200,"caption":"Evangelische Kirchengemeinde Langenfeld"},"image":{"@id":"https:\/\/www.kirche-langenfeld.de\/ev\/#\/schema\/logo\/image\/"}}]}},"uagb_featured_image_src":{"full":["https:\/\/www.kirche-langenfeld.de\/ev\/wp-content\/uploads\/2020\/10\/Orgeltasten-scaled.jpg",2560,1920,false],"thumbnail":["https:\/\/www.kirche-langenfeld.de\/ev\/wp-content\/uploads\/2020\/10\/Orgeltasten-150x150.jpg",150,150,true],"medium":["https:\/\/www.kirche-langenfeld.de\/ev\/wp-content\/uploads\/2020\/10\/Orgeltasten-300x225.jpg",300,225,true],"medium_large":["https:\/\/www.kirche-langenfeld.de\/ev\/wp-content\/uploads\/2020\/10\/Orgeltasten-768x576.jpg",768,576,true],"large":["https:\/\/www.kirche-langenfeld.de\/ev\/wp-content\/uploads\/2020\/10\/Orgeltasten-1024x768.jpg",1024,768,true],"1536x1536":["https:\/\/www.kirche-langenfeld.de\/ev\/wp-content\/uploads\/2020\/10\/Orgeltasten-1536x1152.jpg",1536,1152,true],"2048x2048":["https:\/\/www.kirche-langenfeld.de\/ev\/wp-content\/uploads\/2020\/10\/Orgeltasten-2048x1536.jpg",2048,1536,true],"ocean-thumb-m":["https:\/\/www.kirche-langenfeld.de\/ev\/wp-content\/uploads\/2020\/10\/Orgeltasten-scaled.jpg",600,450,false],"ocean-thumb-ml":["https:\/\/www.kirche-langenfeld.de\/ev\/wp-content\/uploads\/2020\/10\/Orgeltasten-scaled.jpg",600,450,false],"ocean-thumb-l":["https:\/\/www.kirche-langenfeld.de\/ev\/wp-content\/uploads\/2020\/10\/Orgeltasten-scaled.jpg",933,700,false]},"uagb_author_info":{"display_name":"Ulrike Sch\u00f6n","author_link":"https:\/\/www.kirche-langenfeld.de\/ev\/author\/ulrike-schoen\/"},"uagb_comment_info":0,"uagb_excerpt":"&#8222;Es flie\u00dft mir das Herz \u00fcber vor Dankbarkeit gegen die Musik, die mich so oft erquickt und aus gro\u00dfen N\u00f6ten gerettet hat.&#8220; Martin Luther (1483-1546 Was es aktuell zu h\u00f6ren gibt, finden Sie in unserem Gemeindebrief und in den ausliegenden Halbjahresflyern. Musikgottesdienste, Kammermusik, Oratorien, Gospelkonzerte und Workshops verschiedener Art und noch viel mehr: Musik in&hellip;","_links":{"self":[{"href":"https:\/\/www.kirche-langenfeld.de\/ev\/wp-json\/wp\/v2\/pages\/553","targetHints":{"allow":["GET"]}}],"collection":[{"href":"https:\/\/www.kirche-langenfeld.de\/ev\/wp-json\/wp\/v2\/pages"}],"about":[{"href":"https:\/\/www.kirche-langenfeld.de\/ev\/wp-json\/wp\/v2\/types\/page"}],"author":[{"embeddable":true,"href":"https:\/\/www.kirche-langenfeld.de\/ev\/wp-json\/wp\/v2\/users\/9"}],"replies":[{"embeddable":true,"href":"https:\/\/www.kirche-langenfeld.de\/ev\/wp-json\/wp\/v2\/comments?post=553"}],"version-history":[{"count":34,"href":"https:\/\/www.kirche-langenfeld.de\/ev\/wp-json\/wp\/v2\/pages\/553\/revisions"}],"predecessor-version":[{"id":15589,"href":"https:\/\/www.kirche-langenfeld.de\/ev\/wp-json\/wp\/v2\/pages\/553\/revisions\/15589"}],"wp:featuredmedia":[{"embeddable":true,"href":"https:\/\/www.kirche-langenfeld.de\/ev\/wp-json\/wp\/v2\/media\/371"}],"wp:attachment":[{"href":"https:\/\/www.kirche-langenfeld.de\/ev\/wp-json\/wp\/v2\/media?parent=553"}],"curies":[{"name":"wp","href":"https:\/\/api.w.org\/{rel}","templated":true}]}}