{"id":413,"date":"2020-10-23T16:18:04","date_gmt":"2020-10-23T14:18:04","guid":{"rendered":"https:\/\/www.kirche-langenfeld.de\/ev\/?page_id=413"},"modified":"2026-02-26T11:24:01","modified_gmt":"2026-02-26T10:24:01","slug":"erloeserkirche","status":"publish","type":"page","link":"https:\/\/www.kirche-langenfeld.de\/ev\/kirchen\/erloeserkirche\/","title":{"rendered":"Erl\u00f6serkirche"},"content":{"rendered":"<div class=\"wp-block-image\">\n<figure class=\"aligncenter size-large\"><img loading=\"lazy\" decoding=\"async\" width=\"878\" height=\"588\" src=\"https:\/\/www.kirche-langenfeld.de\/ev\/wp-content\/uploads\/2020\/10\/erloeserkirche.jpg\" alt=\"Erl\u00f6serkirche\" class=\"wp-image-416\" srcset=\"https:\/\/www.kirche-langenfeld.de\/ev\/wp-content\/uploads\/2020\/10\/erloeserkirche.jpg 878w, https:\/\/www.kirche-langenfeld.de\/ev\/wp-content\/uploads\/2020\/10\/erloeserkirche-300x201.jpg 300w, https:\/\/www.kirche-langenfeld.de\/ev\/wp-content\/uploads\/2020\/10\/erloeserkirche-768x514.jpg 768w\" sizes=\"auto, (max-width: 878px) 100vw, 878px\" \/><\/figure>\n<\/div>\n\n\n<p class=\"has-text-align-center\">Hardt 21, Immigrath &#8211; 40764 Langenfeld (Rheinland)<\/p>\n\n\n\n<hr class=\"wp-block-separator has-alpha-channel-opacity\"\/>\n\n\n\n<p>Die Erl\u00f6serkirche in Immigrath ist das gr\u00f6\u00dfte evangelische Gotteshaus Langenfelds; durch die grauen Natursteinquader wirkt sie wie \u201cein feste Burg\u201d. Anbruch und Fortschritt des technischen Zeitalters waren Anlass zu ihrem Bau. 1902 legte Architekt Arno Fritsche, der sich insbesondere auf dem Gebiet des evangelischen Kirchenbaus hervortrat, erste Entw\u00fcrfe zum Kirchbau vor; am 28. Juni 1908 wurde der Grundstein gelegt. In der Grundstein-Urkunde hei\u00dft es am Schluss: \u201c\u2026 m\u00f6ge in den kommenden Jahrhunderten eine erl\u00f6sungsbed\u00fcrftige Gemeinde stets finden, was sie sucht: Trost, Frieden, Licht und Kraft \u2026\u201d<\/p>\n\n\n\n<p>Am 28. November 1909 wurde die Erl\u00f6serkirche eingeweiht. Die Evangelische Kirchengemeinde Langenfeld besa\u00df damals mit der <a href=\"https:\/\/www.kirche-langenfeld.de\/ev\/kirchen\/martin-luther-kirche\/\">Martin-Luther-Kirche<\/a> in Reusrath zwei Gottesh\u00e4user.<\/p>\n\n\n\n<ul class=\"wp-block-list\">\n<li><a rel=\"noreferrer noopener\" href=\"https:\/\/www1.wdr.de\/dossiers\/religion\/christentum\/glockenpforte\/erloeserkirche-100.html\" target=\"_blank\">Link zur \u201eGlockenpforte\u201c des WDR: Glockengel\u00e4ut der Erl\u00f6serkirche (Audio)<\/a><\/li>\n<\/ul>\n\n\n\n<p>1975\/76 ist die Zeit reif f\u00fcr Vor\u00fcberlegungen zu einem Umbau des Innenraums der Erl\u00f6serkirche. Die neugewonnene theologische Erkenntnis, dass die Gemeinde den Gottesdienst feiert und nicht der Pfarrer den Gottesdienst \u201eh\u00e4lt\u201d, soll optischen Ausdruck finden. Im Advent 1981 wurde dieser Umbau abgeschlossen.<\/p>\n\n\n\n<div style=\"height:50px\" aria-hidden=\"true\" class=\"wp-block-spacer\"><\/div>\n\n\n<div style=\"min-height: 535px;; \" class=\"ub_image_slider swiper-container wp-block-ub-image-slider\" id=\"ub_image_slider_e3c9f546-9067-490d-8201-fb18f6e07523\" data-swiper-data='{\"speed\":300,\"spaceBetween\":20,\"slidesPerView\":1,\"loop\":true,\"pagination\":{\"el\": \".swiper-pagination\" , \"type\": \"bullets\", \"clickable\":true},\"navigation\": {\"nextEl\": \".swiper-button-next\", \"prevEl\": \".swiper-button-prev\"}, \"keyboard\": { \"enabled\": true }, \"effect\": \"slide\"}'>\n            <div class=\"swiper-wrapper\"><figure class=\"swiper-slide\">\n                <img decoding=\"async\" src=\"https:\/\/www.kirche-langenfeld.de\/ev\/wp-content\/uploads\/2025\/04\/23f6ccfc-1e35-4f1a-85e9-c5739f2e6c9a-scaled.jpg\" alt=\"Erl\u00f6serkirche\" style=\"height: 500px;; \">\n                <figcaption class=\"ub_image_slider_image_caption\"><\/figcaption>\n            <\/figure><figure class=\"swiper-slide\">\n                <img decoding=\"async\" src=\"https:\/\/www.kirche-langenfeld.de\/ev\/wp-content\/uploads\/2020\/11\/ek-gesamt.jpg\" alt=\"Erl\u00f6serkirche gesamt\" style=\"height: 500px;; \">\n                <figcaption class=\"ub_image_slider_image_caption\"><\/figcaption>\n            <\/figure><figure class=\"swiper-slide\">\n                <img decoding=\"async\" src=\"https:\/\/www.kirche-langenfeld.de\/ev\/wp-content\/uploads\/2025\/05\/IMG_6568.jpeg\" alt=\"Erl\u00f6serkirche von Vorne\" style=\"height: 500px;; \">\n                <figcaption class=\"ub_image_slider_image_caption\"><\/figcaption>\n            <\/figure><figure class=\"swiper-slide\">\n                <img decoding=\"async\" src=\"https:\/\/www.kirche-langenfeld.de\/ev\/wp-content\/uploads\/2020\/11\/ek-kreuz.jpg\" alt=\"Erl\u00f6serkirche Kreuz Dach\" style=\"height: 500px;; \">\n                <figcaption class=\"ub_image_slider_image_caption\"><\/figcaption>\n            <\/figure><figure class=\"swiper-slide\">\n                <img decoding=\"async\" src=\"https:\/\/www.kirche-langenfeld.de\/ev\/wp-content\/uploads\/2025\/05\/ad3671e9-6b77-4e75-97d2-9d233d9c3141.jpeg\" alt=\"Erl\u00f6serkirche Hahn\" style=\"height: 500px;; \">\n                <figcaption class=\"ub_image_slider_image_caption\"><\/figcaption>\n            <\/figure><figure class=\"swiper-slide\">\n                <img decoding=\"async\" src=\"https:\/\/www.kirche-langenfeld.de\/ev\/wp-content\/uploads\/2020\/10\/erloeserkirche.jpg\" alt=\"Erl\u00f6serkirche\" style=\"height: 500px;; \">\n                <figcaption class=\"ub_image_slider_image_caption\"><\/figcaption>\n            <\/figure><figure class=\"swiper-slide\">\n                <img decoding=\"async\" src=\"https:\/\/www.kirche-langenfeld.de\/ev\/wp-content\/uploads\/2025\/04\/6201c275-5b52-403c-8cef-9862051d3ddc-scaled.jpg\" alt=\"Erl\u00f6serkirche\" style=\"height: 500px;; \">\n                <figcaption class=\"ub_image_slider_image_caption\"><\/figcaption>\n            <\/figure><figure class=\"swiper-slide\">\n                <img decoding=\"async\" src=\"https:\/\/www.kirche-langenfeld.de\/ev\/wp-content\/uploads\/2020\/11\/ek-giebel.jpg\" alt=\"Lukaskirche Giebel\" style=\"height: 500px;; \">\n                <figcaption class=\"ub_image_slider_image_caption\"><\/figcaption>\n            <\/figure><figure class=\"swiper-slide\">\n                <img decoding=\"async\" src=\"https:\/\/www.kirche-langenfeld.de\/ev\/wp-content\/uploads\/2025\/04\/IMG_6546.jpeg\" alt=\"Erl\u00f6serkirche Eingang\" style=\"height: 500px;; \">\n                <figcaption class=\"ub_image_slider_image_caption\"><\/figcaption>\n            <\/figure><figure class=\"swiper-slide\">\n                <img decoding=\"async\" src=\"https:\/\/www.kirche-langenfeld.de\/ev\/wp-content\/uploads\/2020\/10\/ek-drei-boegen.jpg\" alt=\"Erl\u00f6serkirche 3 B\u00f6gen\" style=\"height: 500px;; \">\n                <figcaption class=\"ub_image_slider_image_caption\"><\/figcaption>\n            <\/figure><figure class=\"swiper-slide\">\n                <img decoding=\"async\" src=\"https:\/\/www.kirche-langenfeld.de\/ev\/wp-content\/uploads\/2020\/10\/ek-birnen.jpg\" alt=\"Erl\u00f6serkirche Leuchte\" style=\"height: 500px;; \">\n                <figcaption class=\"ub_image_slider_image_caption\"><\/figcaption>\n            <\/figure><figure class=\"swiper-slide\">\n                <img decoding=\"async\" src=\"https:\/\/www.kirche-langenfeld.de\/ev\/wp-content\/uploads\/2020\/10\/ek-altarkreuz.jpg\" alt=\"Erl\u00f6serkirche Altarkreuz\" style=\"height: 500px;; \">\n                <figcaption class=\"ub_image_slider_image_caption\"><\/figcaption>\n            <\/figure><figure class=\"swiper-slide\">\n                <img decoding=\"async\" src=\"https:\/\/www.kirche-langenfeld.de\/ev\/wp-content\/uploads\/2020\/11\/ek-gong.jpg\" alt=\"Erl\u00f6serkirche Gong\" style=\"height: 500px;; \">\n                <figcaption class=\"ub_image_slider_image_caption\"><\/figcaption>\n            <\/figure><figure class=\"swiper-slide\">\n                <img decoding=\"async\" src=\"https:\/\/www.kirche-langenfeld.de\/ev\/wp-content\/uploads\/2025\/05\/IMG_6580.jpeg\" alt=\"\" style=\"height: 500px;; \">\n                <figcaption class=\"ub_image_slider_image_caption\"><\/figcaption>\n            <\/figure><figure class=\"swiper-slide\">\n                <img decoding=\"async\" src=\"https:\/\/www.kirche-langenfeld.de\/ev\/wp-content\/uploads\/2025\/05\/IMG_6570.jpeg\" alt=\"\" style=\"height: 500px;; \">\n                <figcaption class=\"ub_image_slider_image_caption\"><\/figcaption>\n            <\/figure><figure class=\"swiper-slide\">\n                <img decoding=\"async\" src=\"https:\/\/www.kirche-langenfeld.de\/ev\/wp-content\/uploads\/2025\/05\/IMG_6575.jpeg\" alt=\"\" style=\"height: 500px;; \">\n                <figcaption class=\"ub_image_slider_image_caption\"><\/figcaption>\n            <\/figure><figure class=\"swiper-slide\">\n                <img decoding=\"async\" src=\"https:\/\/www.kirche-langenfeld.de\/ev\/wp-content\/uploads\/2025\/05\/IMG_6454.jpeg\" alt=\"\" style=\"height: 500px;; \">\n                <figcaption class=\"ub_image_slider_image_caption\"><\/figcaption>\n            <\/figure><figure class=\"swiper-slide\">\n                <img decoding=\"async\" src=\"https:\/\/www.kirche-langenfeld.de\/ev\/wp-content\/uploads\/2025\/05\/IMG_5031.jpeg\" alt=\"\" style=\"height: 500px;; \">\n                <figcaption class=\"ub_image_slider_image_caption\"><\/figcaption>\n            <\/figure><figure class=\"swiper-slide\">\n                <img decoding=\"async\" src=\"https:\/\/www.kirche-langenfeld.de\/ev\/wp-content\/uploads\/2025\/05\/IMG_5377.jpeg\" alt=\"\" style=\"height: 500px;; \">\n                <figcaption class=\"ub_image_slider_image_caption\"><\/figcaption>\n            <\/figure><figure class=\"swiper-slide\">\n                <img decoding=\"async\" src=\"https:\/\/www.kirche-langenfeld.de\/ev\/wp-content\/uploads\/2025\/05\/144e2cf2-6064-43dc-9f8e-90fff5378023.jpeg\" alt=\"\" style=\"height: 500px;; \">\n                <figcaption class=\"ub_image_slider_image_caption\"><\/figcaption>\n            <\/figure><figure class=\"swiper-slide\">\n                <img decoding=\"async\" src=\"https:\/\/www.kirche-langenfeld.de\/ev\/wp-content\/uploads\/2025\/05\/IMG_6179.jpeg\" alt=\"\" style=\"height: 500px;; \">\n                <figcaption class=\"ub_image_slider_image_caption\"><\/figcaption>\n            <\/figure><figure class=\"swiper-slide\">\n                <img decoding=\"async\" src=\"https:\/\/www.kirche-langenfeld.de\/ev\/wp-content\/uploads\/2025\/05\/c747a18c-4983-46e4-95de-2165f9d4f3b1-scaled.jpeg\" alt=\"\" style=\"height: 500px;; \">\n                <figcaption class=\"ub_image_slider_image_caption\"><\/figcaption>\n            <\/figure><\/div>\n            <div class=\"swiper-pagination\"><\/div>\n            <div class=\"swiper-button-prev\"><\/div> <div class=\"swiper-button-next\"><\/div>\n        <\/div>\n\n\n<p class=\"has-small-font-size\">Fotos: Dima Harder u. Volker Gutsmann<\/p>\n","protected":false},"excerpt":{"rendered":"<p>Hardt 21, Immigrath &#8211; 40764 Langenfeld (Rheinland) Die Erl\u00f6serkirche in Immigrath ist das gr\u00f6\u00dfte evangelische Gotteshaus Langenfelds; durch die grauen Natursteinquader wirkt sie wie \u201cein feste Burg\u201d. Anbruch und Fortschritt des technischen Zeitalters waren Anlass zu ihrem Bau. 1902 legte Architekt Arno Fritsche, der sich insbesondere auf dem Gebiet des evangelischen Kirchenbaus hervortrat, erste Entw\u00fcrfe [&hellip;]<\/p>\n","protected":false},"author":1,"featured_media":0,"parent":410,"menu_order":0,"comment_status":"closed","ping_status":"closed","template":"","meta":{"_uag_custom_page_level_css":"","pgc_sgb_lightbox_settings":"","ocean_post_layout":"","ocean_both_sidebars_style":"","ocean_both_sidebars_content_width":0,"ocean_both_sidebars_sidebars_width":0,"ocean_sidebar":"0","ocean_second_sidebar":"0","ocean_disable_margins":"enable","ocean_add_body_class":"","ocean_shortcode_before_top_bar":"","ocean_shortcode_after_top_bar":"","ocean_shortcode_before_header":"","ocean_shortcode_after_header":"","ocean_has_shortcode":"","ocean_shortcode_after_title":"","ocean_shortcode_before_footer_widgets":"","ocean_shortcode_after_footer_widgets":"","ocean_shortcode_before_footer_bottom":"","ocean_shortcode_after_footer_bottom":"","ocean_display_top_bar":"default","ocean_display_header":"default","ocean_header_style":"","ocean_center_header_left_menu":"0","ocean_custom_header_template":"0","ocean_custom_logo":0,"ocean_custom_retina_logo":0,"ocean_custom_logo_max_width":0,"ocean_custom_logo_tablet_max_width":0,"ocean_custom_logo_mobile_max_width":0,"ocean_custom_logo_max_height":0,"ocean_custom_logo_tablet_max_height":0,"ocean_custom_logo_mobile_max_height":0,"ocean_header_custom_menu":"0","ocean_menu_typo_font_family":"0","ocean_menu_typo_font_subset":"","ocean_menu_typo_font_size":0,"ocean_menu_typo_font_size_tablet":0,"ocean_menu_typo_font_size_mobile":0,"ocean_menu_typo_font_size_unit":"px","ocean_menu_typo_font_weight":"","ocean_menu_typo_font_weight_tablet":"","ocean_menu_typo_font_weight_mobile":"","ocean_menu_typo_transform":"","ocean_menu_typo_transform_tablet":"","ocean_menu_typo_transform_mobile":"","ocean_menu_typo_line_height":0,"ocean_menu_typo_line_height_tablet":0,"ocean_menu_typo_line_height_mobile":0,"ocean_menu_typo_line_height_unit":"","ocean_menu_typo_spacing":0,"ocean_menu_typo_spacing_tablet":0,"ocean_menu_typo_spacing_mobile":0,"ocean_menu_typo_spacing_unit":"","ocean_menu_link_color":"","ocean_menu_link_color_hover":"","ocean_menu_link_color_active":"","ocean_menu_link_background":"","ocean_menu_link_hover_background":"","ocean_menu_link_active_background":"","ocean_menu_social_links_bg":"","ocean_menu_social_hover_links_bg":"","ocean_menu_social_links_color":"","ocean_menu_social_hover_links_color":"","ocean_disable_title":"default","ocean_disable_heading":"default","ocean_post_title":"","ocean_post_subheading":"","ocean_post_title_style":"","ocean_post_title_background_color":"","ocean_post_title_background":0,"ocean_post_title_bg_image_position":"","ocean_post_title_bg_image_attachment":"","ocean_post_title_bg_image_repeat":"","ocean_post_title_bg_image_size":"","ocean_post_title_height":0,"ocean_post_title_bg_overlay":0.5,"ocean_post_title_bg_overlay_color":"","ocean_disable_breadcrumbs":"default","ocean_breadcrumbs_color":"","ocean_breadcrumbs_separator_color":"","ocean_breadcrumbs_links_color":"","ocean_breadcrumbs_links_hover_color":"","ocean_display_footer_widgets":"default","ocean_display_footer_bottom":"default","ocean_custom_footer_template":"0","footnotes":""},"class_list":["post-413","page","type-page","status-publish","hentry","entry"],"featured_image_src":null,"yoast_head":"<!-- This site is optimized with the Yoast SEO plugin v27.0 - https:\/\/yoast.com\/product\/yoast-seo-wordpress\/ -->\n<title>Erl\u00f6serkirche - Evangelische Kirchengemeinde Langenfeld<\/title>\n<meta name=\"robots\" content=\"index, follow, max-snippet:-1, max-image-preview:large, max-video-preview:-1\" \/>\n<link rel=\"canonical\" href=\"https:\/\/www.kirche-langenfeld.de\/ev\/kirchen\/erloeserkirche\/\" \/>\n<meta property=\"og:locale\" content=\"de_DE\" \/>\n<meta property=\"og:type\" content=\"article\" \/>\n<meta property=\"og:title\" content=\"Erl\u00f6serkirche - Evangelische Kirchengemeinde Langenfeld\" \/>\n<meta property=\"og:description\" content=\"Hardt 21, Immigrath &#8211; 40764 Langenfeld (Rheinland) Die Erl\u00f6serkirche in Immigrath ist das gr\u00f6\u00dfte evangelische Gotteshaus Langenfelds; durch die grauen Natursteinquader wirkt sie wie \u201cein feste Burg\u201d. Anbruch und Fortschritt des technischen Zeitalters waren Anlass zu ihrem Bau. 1902 legte Architekt Arno Fritsche, der sich insbesondere auf dem Gebiet des evangelischen Kirchenbaus hervortrat, erste Entw\u00fcrfe [&hellip;]\" \/>\n<meta property=\"og:url\" content=\"https:\/\/www.kirche-langenfeld.de\/ev\/kirchen\/erloeserkirche\/\" \/>\n<meta property=\"og:site_name\" content=\"Evangelische Kirchengemeinde Langenfeld\" \/>\n<meta property=\"article:modified_time\" content=\"2026-02-26T10:24:01+00:00\" \/>\n<meta property=\"og:image\" content=\"https:\/\/www.kirche-langenfeld.de\/ev\/wp-content\/uploads\/2020\/10\/erloeserkirche.jpg\" \/>\n<meta name=\"twitter:card\" content=\"summary_large_image\" \/>\n<meta name=\"twitter:label1\" content=\"Gesch\u00e4tzte Lesezeit\" \/>\n\t<meta name=\"twitter:data1\" content=\"2\u00a0Minuten\" \/>\n<script type=\"application\/ld+json\" class=\"yoast-schema-graph\">{\"@context\":\"https:\/\/schema.org\",\"@graph\":[{\"@type\":\"WebPage\",\"@id\":\"https:\/\/www.kirche-langenfeld.de\/ev\/kirchen\/erloeserkirche\/\",\"url\":\"https:\/\/www.kirche-langenfeld.de\/ev\/kirchen\/erloeserkirche\/\",\"name\":\"Erl\u00f6serkirche - Evangelische Kirchengemeinde Langenfeld\",\"isPartOf\":{\"@id\":\"https:\/\/www.kirche-langenfeld.de\/ev\/#website\"},\"primaryImageOfPage\":{\"@id\":\"https:\/\/www.kirche-langenfeld.de\/ev\/kirchen\/erloeserkirche\/#primaryimage\"},\"image\":{\"@id\":\"https:\/\/www.kirche-langenfeld.de\/ev\/kirchen\/erloeserkirche\/#primaryimage\"},\"thumbnailUrl\":\"https:\/\/www.kirche-langenfeld.de\/ev\/wp-content\/uploads\/2020\/10\/erloeserkirche.jpg\",\"datePublished\":\"2020-10-23T14:18:04+00:00\",\"dateModified\":\"2026-02-26T10:24:01+00:00\",\"breadcrumb\":{\"@id\":\"https:\/\/www.kirche-langenfeld.de\/ev\/kirchen\/erloeserkirche\/#breadcrumb\"},\"inLanguage\":\"de\",\"potentialAction\":[{\"@type\":\"ReadAction\",\"target\":[\"https:\/\/www.kirche-langenfeld.de\/ev\/kirchen\/erloeserkirche\/\"]}]},{\"@type\":\"ImageObject\",\"inLanguage\":\"de\",\"@id\":\"https:\/\/www.kirche-langenfeld.de\/ev\/kirchen\/erloeserkirche\/#primaryimage\",\"url\":\"https:\/\/www.kirche-langenfeld.de\/ev\/wp-content\/uploads\/2020\/10\/erloeserkirche.jpg\",\"contentUrl\":\"https:\/\/www.kirche-langenfeld.de\/ev\/wp-content\/uploads\/2020\/10\/erloeserkirche.jpg\",\"width\":878,\"height\":588,\"caption\":\"Erl\u00f6serkirche\"},{\"@type\":\"BreadcrumbList\",\"@id\":\"https:\/\/www.kirche-langenfeld.de\/ev\/kirchen\/erloeserkirche\/#breadcrumb\",\"itemListElement\":[{\"@type\":\"ListItem\",\"position\":1,\"name\":\"Startseite\",\"item\":\"https:\/\/www.kirche-langenfeld.de\/ev\/\"},{\"@type\":\"ListItem\",\"position\":2,\"name\":\"Kirchen\",\"item\":\"https:\/\/www.kirche-langenfeld.de\/ev\/kirchen\/\"},{\"@type\":\"ListItem\",\"position\":3,\"name\":\"Erl\u00f6serkirche\"}]},{\"@type\":\"WebSite\",\"@id\":\"https:\/\/www.kirche-langenfeld.de\/ev\/#website\",\"url\":\"https:\/\/www.kirche-langenfeld.de\/ev\/\",\"name\":\"Evangelische Kirchengemeinde Langenfeld\",\"description\":\"Informationen rund um unsere Gemeinde\",\"publisher\":{\"@id\":\"https:\/\/www.kirche-langenfeld.de\/ev\/#organization\"},\"potentialAction\":[{\"@type\":\"SearchAction\",\"target\":{\"@type\":\"EntryPoint\",\"urlTemplate\":\"https:\/\/www.kirche-langenfeld.de\/ev\/?s={search_term_string}\"},\"query-input\":{\"@type\":\"PropertyValueSpecification\",\"valueRequired\":true,\"valueName\":\"search_term_string\"}}],\"inLanguage\":\"de\"},{\"@type\":\"Organization\",\"@id\":\"https:\/\/www.kirche-langenfeld.de\/ev\/#organization\",\"name\":\"Evangelische Kirchengemeinde Langenfeld\",\"url\":\"https:\/\/www.kirche-langenfeld.de\/ev\/\",\"logo\":{\"@type\":\"ImageObject\",\"inLanguage\":\"de\",\"@id\":\"https:\/\/www.kirche-langenfeld.de\/ev\/#\/schema\/logo\/image\/\",\"url\":\"https:\/\/www.kirche-langenfeld.de\/ev\/wp-content\/uploads\/2020\/09\/logo-ev-2020.png\",\"contentUrl\":\"https:\/\/www.kirche-langenfeld.de\/ev\/wp-content\/uploads\/2020\/09\/logo-ev-2020.png\",\"width\":276,\"height\":200,\"caption\":\"Evangelische Kirchengemeinde Langenfeld\"},\"image\":{\"@id\":\"https:\/\/www.kirche-langenfeld.de\/ev\/#\/schema\/logo\/image\/\"}}]}<\/script>\n<!-- \/ Yoast SEO plugin. -->","yoast_head_json":{"title":"Erl\u00f6serkirche - Evangelische Kirchengemeinde Langenfeld","robots":{"index":"index","follow":"follow","max-snippet":"max-snippet:-1","max-image-preview":"max-image-preview:large","max-video-preview":"max-video-preview:-1"},"canonical":"https:\/\/www.kirche-langenfeld.de\/ev\/kirchen\/erloeserkirche\/","og_locale":"de_DE","og_type":"article","og_title":"Erl\u00f6serkirche - Evangelische Kirchengemeinde Langenfeld","og_description":"Hardt 21, Immigrath &#8211; 40764 Langenfeld (Rheinland) Die Erl\u00f6serkirche in Immigrath ist das gr\u00f6\u00dfte evangelische Gotteshaus Langenfelds; durch die grauen Natursteinquader wirkt sie wie \u201cein feste Burg\u201d. Anbruch und Fortschritt des technischen Zeitalters waren Anlass zu ihrem Bau. 1902 legte Architekt Arno Fritsche, der sich insbesondere auf dem Gebiet des evangelischen Kirchenbaus hervortrat, erste Entw\u00fcrfe [&hellip;]","og_url":"https:\/\/www.kirche-langenfeld.de\/ev\/kirchen\/erloeserkirche\/","og_site_name":"Evangelische Kirchengemeinde Langenfeld","article_modified_time":"2026-02-26T10:24:01+00:00","og_image":[{"url":"https:\/\/www.kirche-langenfeld.de\/ev\/wp-content\/uploads\/2020\/10\/erloeserkirche.jpg","type":"","width":"","height":""}],"twitter_card":"summary_large_image","twitter_misc":{"Gesch\u00e4tzte Lesezeit":"2\u00a0Minuten"},"schema":{"@context":"https:\/\/schema.org","@graph":[{"@type":"WebPage","@id":"https:\/\/www.kirche-langenfeld.de\/ev\/kirchen\/erloeserkirche\/","url":"https:\/\/www.kirche-langenfeld.de\/ev\/kirchen\/erloeserkirche\/","name":"Erl\u00f6serkirche - Evangelische Kirchengemeinde Langenfeld","isPartOf":{"@id":"https:\/\/www.kirche-langenfeld.de\/ev\/#website"},"primaryImageOfPage":{"@id":"https:\/\/www.kirche-langenfeld.de\/ev\/kirchen\/erloeserkirche\/#primaryimage"},"image":{"@id":"https:\/\/www.kirche-langenfeld.de\/ev\/kirchen\/erloeserkirche\/#primaryimage"},"thumbnailUrl":"https:\/\/www.kirche-langenfeld.de\/ev\/wp-content\/uploads\/2020\/10\/erloeserkirche.jpg","datePublished":"2020-10-23T14:18:04+00:00","dateModified":"2026-02-26T10:24:01+00:00","breadcrumb":{"@id":"https:\/\/www.kirche-langenfeld.de\/ev\/kirchen\/erloeserkirche\/#breadcrumb"},"inLanguage":"de","potentialAction":[{"@type":"ReadAction","target":["https:\/\/www.kirche-langenfeld.de\/ev\/kirchen\/erloeserkirche\/"]}]},{"@type":"ImageObject","inLanguage":"de","@id":"https:\/\/www.kirche-langenfeld.de\/ev\/kirchen\/erloeserkirche\/#primaryimage","url":"https:\/\/www.kirche-langenfeld.de\/ev\/wp-content\/uploads\/2020\/10\/erloeserkirche.jpg","contentUrl":"https:\/\/www.kirche-langenfeld.de\/ev\/wp-content\/uploads\/2020\/10\/erloeserkirche.jpg","width":878,"height":588,"caption":"Erl\u00f6serkirche"},{"@type":"BreadcrumbList","@id":"https:\/\/www.kirche-langenfeld.de\/ev\/kirchen\/erloeserkirche\/#breadcrumb","itemListElement":[{"@type":"ListItem","position":1,"name":"Startseite","item":"https:\/\/www.kirche-langenfeld.de\/ev\/"},{"@type":"ListItem","position":2,"name":"Kirchen","item":"https:\/\/www.kirche-langenfeld.de\/ev\/kirchen\/"},{"@type":"ListItem","position":3,"name":"Erl\u00f6serkirche"}]},{"@type":"WebSite","@id":"https:\/\/www.kirche-langenfeld.de\/ev\/#website","url":"https:\/\/www.kirche-langenfeld.de\/ev\/","name":"Evangelische Kirchengemeinde Langenfeld","description":"Informationen rund um unsere Gemeinde","publisher":{"@id":"https:\/\/www.kirche-langenfeld.de\/ev\/#organization"},"potentialAction":[{"@type":"SearchAction","target":{"@type":"EntryPoint","urlTemplate":"https:\/\/www.kirche-langenfeld.de\/ev\/?s={search_term_string}"},"query-input":{"@type":"PropertyValueSpecification","valueRequired":true,"valueName":"search_term_string"}}],"inLanguage":"de"},{"@type":"Organization","@id":"https:\/\/www.kirche-langenfeld.de\/ev\/#organization","name":"Evangelische Kirchengemeinde Langenfeld","url":"https:\/\/www.kirche-langenfeld.de\/ev\/","logo":{"@type":"ImageObject","inLanguage":"de","@id":"https:\/\/www.kirche-langenfeld.de\/ev\/#\/schema\/logo\/image\/","url":"https:\/\/www.kirche-langenfeld.de\/ev\/wp-content\/uploads\/2020\/09\/logo-ev-2020.png","contentUrl":"https:\/\/www.kirche-langenfeld.de\/ev\/wp-content\/uploads\/2020\/09\/logo-ev-2020.png","width":276,"height":200,"caption":"Evangelische Kirchengemeinde Langenfeld"},"image":{"@id":"https:\/\/www.kirche-langenfeld.de\/ev\/#\/schema\/logo\/image\/"}}]}},"uagb_featured_image_src":{"full":false,"thumbnail":false,"medium":false,"medium_large":false,"large":false,"1536x1536":false,"2048x2048":false,"ocean-thumb-m":false,"ocean-thumb-ml":false,"ocean-thumb-l":false},"uagb_author_info":{"display_name":"Nora Mieke","author_link":"https:\/\/www.kirche-langenfeld.de\/ev\/author\/admin-mieke\/"},"uagb_comment_info":0,"uagb_excerpt":"Hardt 21, Immigrath &#8211; 40764 Langenfeld (Rheinland) Die Erl\u00f6serkirche in Immigrath ist das gr\u00f6\u00dfte evangelische Gotteshaus Langenfelds; durch die grauen Natursteinquader wirkt sie wie \u201cein feste Burg\u201d. Anbruch und Fortschritt des technischen Zeitalters waren Anlass zu ihrem Bau. 1902 legte Architekt Arno Fritsche, der sich insbesondere auf dem Gebiet des evangelischen Kirchenbaus hervortrat, erste Entw\u00fcrfe&hellip;","_links":{"self":[{"href":"https:\/\/www.kirche-langenfeld.de\/ev\/wp-json\/wp\/v2\/pages\/413","targetHints":{"allow":["GET"]}}],"collection":[{"href":"https:\/\/www.kirche-langenfeld.de\/ev\/wp-json\/wp\/v2\/pages"}],"about":[{"href":"https:\/\/www.kirche-langenfeld.de\/ev\/wp-json\/wp\/v2\/types\/page"}],"author":[{"embeddable":true,"href":"https:\/\/www.kirche-langenfeld.de\/ev\/wp-json\/wp\/v2\/users\/1"}],"replies":[{"embeddable":true,"href":"https:\/\/www.kirche-langenfeld.de\/ev\/wp-json\/wp\/v2\/comments?post=413"}],"version-history":[{"count":62,"href":"https:\/\/www.kirche-langenfeld.de\/ev\/wp-json\/wp\/v2\/pages\/413\/revisions"}],"predecessor-version":[{"id":15857,"href":"https:\/\/www.kirche-langenfeld.de\/ev\/wp-json\/wp\/v2\/pages\/413\/revisions\/15857"}],"up":[{"embeddable":true,"href":"https:\/\/www.kirche-langenfeld.de\/ev\/wp-json\/wp\/v2\/pages\/410"}],"wp:attachment":[{"href":"https:\/\/www.kirche-langenfeld.de\/ev\/wp-json\/wp\/v2\/media?parent=413"}],"curies":[{"name":"wp","href":"https:\/\/api.w.org\/{rel}","templated":true}]}}