{"id":410,"date":"2020-10-23T16:16:38","date_gmt":"2020-10-23T14:16:38","guid":{"rendered":"https:\/\/www.kirche-langenfeld.de\/ev\/?page_id=410"},"modified":"2025-04-25T16:17:26","modified_gmt":"2025-04-25T14:17:26","slug":"kirchen","status":"publish","type":"page","link":"https:\/\/www.kirche-langenfeld.de\/ev\/kirchen\/","title":{"rendered":"Kirchen"},"content":{"rendered":"\n<h2 class=\"wp-block-heading\" id=\"wir-haben-4-kirchen-in-unserer-gemeinde\">Wir haben 4 Kirchen in unserer Gemeinde:<\/h2>\n\n\n\n<div class=\"wp-block-group\"><div class=\"wp-block-group__inner-container is-layout-flow wp-block-group-is-layout-flow\"><\/div><\/div>\n\n\n\n<div class=\"wp-block-media-text is-vertically-aligned-center\"><figure class=\"wp-block-media-text__media\"><a href=\"https:\/\/www.kirche-langenfeld.de\/ev\/erloeserkirche\/\"><img loading=\"lazy\" decoding=\"async\" width=\"576\" height=\"1024\" src=\"https:\/\/www.kirche-langenfeld.de\/ev\/wp-content\/uploads\/2025\/04\/IMG_6105-576x1024.jpeg\" alt=\"Erl\u00f6serkirche\" class=\"wp-image-13698 size-full\" srcset=\"https:\/\/www.kirche-langenfeld.de\/ev\/wp-content\/uploads\/2025\/04\/IMG_6105-576x1024.jpeg 576w, https:\/\/www.kirche-langenfeld.de\/ev\/wp-content\/uploads\/2025\/04\/IMG_6105-169x300.jpeg 169w, https:\/\/www.kirche-langenfeld.de\/ev\/wp-content\/uploads\/2025\/04\/IMG_6105-768x1365.jpeg 768w, https:\/\/www.kirche-langenfeld.de\/ev\/wp-content\/uploads\/2025\/04\/IMG_6105-864x1536.jpeg 864w, https:\/\/www.kirche-langenfeld.de\/ev\/wp-content\/uploads\/2025\/04\/IMG_6105-1152x2048.jpeg 1152w, https:\/\/www.kirche-langenfeld.de\/ev\/wp-content\/uploads\/2025\/04\/IMG_6105.jpeg 1242w\" sizes=\"auto, (max-width: 576px) 100vw, 576px\" \/><\/a><\/figure><div class=\"wp-block-media-text__content\">\n<h3 class=\"wp-block-heading\" id=\"erloserkirche\"><a href=\"https:\/\/www.kirche-langenfeld.de\/ev\/erloeserkirche\/\">Erl\u00f6serkirche<\/a><\/h3>\n\n\n\n<p>Hardt 21<br>40764 Langenfeld (Immigrath)<\/p>\n\n\n\n<p class=\"has-small-font-size\"><\/p>\n<\/div><\/div>\n\n\n\n<div class=\"wp-block-media-text alignwide has-media-on-the-right\"><div class=\"wp-block-media-text__content\">\n<h3 class=\"wp-block-heading\" id=\"evangelisches-johanneszentrum\"><a href=\"https:\/\/www.kirche-langenfeld.de\/ev\/johanneszentrum\/\">Evangelisches <strong>Johanneszentrum<\/strong><\/a><\/h3>\n\n\n\n<p>Stettiner Stra\u00dfe 10-14<br>40764 Langenfeld (Mitte)<\/p>\n<\/div><figure class=\"wp-block-media-text__media\"><a href=\"https:\/\/www.kirche-langenfeld.de\/ev\/johanneszentrum\/\"><img loading=\"lazy\" decoding=\"async\" width=\"768\" height=\"1024\" src=\"https:\/\/www.kirche-langenfeld.de\/ev\/wp-content\/uploads\/2025\/04\/IMG_5986-768x1024.jpeg\" alt=\"Ev. Johanneszentrum\" class=\"wp-image-13696 size-full\" srcset=\"https:\/\/www.kirche-langenfeld.de\/ev\/wp-content\/uploads\/2025\/04\/IMG_5986-768x1024.jpeg 768w, https:\/\/www.kirche-langenfeld.de\/ev\/wp-content\/uploads\/2025\/04\/IMG_5986-225x300.jpeg 225w, https:\/\/www.kirche-langenfeld.de\/ev\/wp-content\/uploads\/2025\/04\/IMG_5986-1152x1536.jpeg 1152w, https:\/\/www.kirche-langenfeld.de\/ev\/wp-content\/uploads\/2025\/04\/IMG_5986.jpeg 1536w\" sizes=\"auto, (max-width: 768px) 100vw, 768px\" \/><\/a><\/figure><\/div>\n\n\n\n<div class=\"wp-block-media-text\"><figure class=\"wp-block-media-text__media\"><a href=\"https:\/\/www.kirche-langenfeld.de\/ev\/lukaskirche\/\"><img loading=\"lazy\" decoding=\"async\" width=\"768\" height=\"1024\" src=\"https:\/\/www.kirche-langenfeld.de\/ev\/wp-content\/uploads\/2025\/04\/IMG_6281-768x1024.jpeg\" alt=\"Lukaskirche\" class=\"wp-image-13702 size-full\" srcset=\"https:\/\/www.kirche-langenfeld.de\/ev\/wp-content\/uploads\/2025\/04\/IMG_6281-768x1024.jpeg 768w, https:\/\/www.kirche-langenfeld.de\/ev\/wp-content\/uploads\/2025\/04\/IMG_6281-225x300.jpeg 225w, https:\/\/www.kirche-langenfeld.de\/ev\/wp-content\/uploads\/2025\/04\/IMG_6281-1152x1536.jpeg 1152w, https:\/\/www.kirche-langenfeld.de\/ev\/wp-content\/uploads\/2025\/04\/IMG_6281.jpeg 1536w\" sizes=\"auto, (max-width: 768px) 100vw, 768px\" \/><\/a><\/figure><div class=\"wp-block-media-text__content\">\n<h3 class=\"wp-block-heading\" id=\"lukaskirche\"><a href=\"https:\/\/www.kirche-langenfeld.de\/ev\/lukaskirche\/\">Lukaskirche<\/a><\/h3>\n\n\n\n<p>Kaiserstr. 12<br>40764 Langenfeld (Richrath)<\/p>\n\n\n\n<p><\/p>\n<\/div><\/div>\n\n\n\n<div class=\"wp-block-media-text alignwide has-media-on-the-right is-image-fill-element\"><div class=\"wp-block-media-text__content\">\n<h3 class=\"wp-block-heading\" id=\"martin-luther-kirche\"><a href=\"https:\/\/www.kirche-langenfeld.de\/ev\/martin-luther-kirche\/\"> Martin-Luther-Kirche<\/a><\/h3>\n\n\n\n<p>Trompeter Stra\u00dfe 36<br>40764 Langenfeld (Reusrath)<\/p>\n<\/div><figure class=\"wp-block-media-text__media\"><a href=\"https:\/\/www.kirche-langenfeld.de\/ev\/martin-luther-kirche\/\"><img decoding=\"async\" src=\"https:\/\/glueck-wunsch.de\/testimonial481\/wp-content\/uploads\/2019\/11\/martin-luther-kirche-1024x686.jpg\" alt=\"\" class=\"wp-image-1090 size-full\" style=\"object-position:50% 50%\"\/><\/a><\/figure><\/div>\n\n\n\n<p class=\"has-small-font-size\">Erl\u00f6ser- Johannes- und Lukaskirche: Dima Harder<br>Martin-Luther-Kirche: Volker Gutsmann<\/p>\n\n\n\n<p><\/p>\n","protected":false},"excerpt":{"rendered":"<p>Wir haben 4 Kirchen in unserer Gemeinde: Erl\u00f6serkirche Hardt 2140764 Langenfeld (Immigrath) Evangelisches Johanneszentrum Stettiner Stra\u00dfe 10-1440764 Langenfeld (Mitte) Lukaskirche Kaiserstr. 1240764 Langenfeld (Richrath) Martin-Luther-Kirche Trompeter Stra\u00dfe 3640764 Langenfeld (Reusrath) Erl\u00f6ser- Johannes- und Lukaskirche: Dima HarderMartin-Luther-Kirche: Volker Gutsmann<\/p>\n","protected":false},"author":1,"featured_media":0,"parent":0,"menu_order":0,"comment_status":"closed","ping_status":"closed","template":"","meta":{"_uag_custom_page_level_css":"","pgc_sgb_lightbox_settings":"","ocean_post_layout":"","ocean_both_sidebars_style":"","ocean_both_sidebars_content_width":0,"ocean_both_sidebars_sidebars_width":0,"ocean_sidebar":"0","ocean_second_sidebar":"0","ocean_disable_margins":"enable","ocean_add_body_class":"","ocean_shortcode_before_top_bar":"","ocean_shortcode_after_top_bar":"","ocean_shortcode_before_header":"","ocean_shortcode_after_header":"","ocean_has_shortcode":"","ocean_shortcode_after_title":"","ocean_shortcode_before_footer_widgets":"","ocean_shortcode_after_footer_widgets":"","ocean_shortcode_before_footer_bottom":"","ocean_shortcode_after_footer_bottom":"","ocean_display_top_bar":"default","ocean_display_header":"default","ocean_header_style":"","ocean_center_header_left_menu":"0","ocean_custom_header_template":"0","ocean_custom_logo":0,"ocean_custom_retina_logo":0,"ocean_custom_logo_max_width":0,"ocean_custom_logo_tablet_max_width":0,"ocean_custom_logo_mobile_max_width":0,"ocean_custom_logo_max_height":0,"ocean_custom_logo_tablet_max_height":0,"ocean_custom_logo_mobile_max_height":0,"ocean_header_custom_menu":"0","ocean_menu_typo_font_family":"0","ocean_menu_typo_font_subset":"","ocean_menu_typo_font_size":0,"ocean_menu_typo_font_size_tablet":0,"ocean_menu_typo_font_size_mobile":0,"ocean_menu_typo_font_size_unit":"px","ocean_menu_typo_font_weight":"","ocean_menu_typo_font_weight_tablet":"","ocean_menu_typo_font_weight_mobile":"","ocean_menu_typo_transform":"","ocean_menu_typo_transform_tablet":"","ocean_menu_typo_transform_mobile":"","ocean_menu_typo_line_height":0,"ocean_menu_typo_line_height_tablet":0,"ocean_menu_typo_line_height_mobile":0,"ocean_menu_typo_line_height_unit":"","ocean_menu_typo_spacing":0,"ocean_menu_typo_spacing_tablet":0,"ocean_menu_typo_spacing_mobile":0,"ocean_menu_typo_spacing_unit":"","ocean_menu_link_color":"","ocean_menu_link_color_hover":"","ocean_menu_link_color_active":"","ocean_menu_link_background":"","ocean_menu_link_hover_background":"","ocean_menu_link_active_background":"","ocean_menu_social_links_bg":"","ocean_menu_social_hover_links_bg":"","ocean_menu_social_links_color":"","ocean_menu_social_hover_links_color":"","ocean_disable_title":"default","ocean_disable_heading":"default","ocean_post_title":"","ocean_post_subheading":"","ocean_post_title_style":"","ocean_post_title_background_color":"","ocean_post_title_background":0,"ocean_post_title_bg_image_position":"","ocean_post_title_bg_image_attachment":"","ocean_post_title_bg_image_repeat":"","ocean_post_title_bg_image_size":"","ocean_post_title_height":0,"ocean_post_title_bg_overlay":0.5,"ocean_post_title_bg_overlay_color":"","ocean_disable_breadcrumbs":"default","ocean_breadcrumbs_color":"","ocean_breadcrumbs_separator_color":"","ocean_breadcrumbs_links_color":"","ocean_breadcrumbs_links_hover_color":"","ocean_display_footer_widgets":"default","ocean_display_footer_bottom":"default","ocean_custom_footer_template":"0","footnotes":""},"class_list":["post-410","page","type-page","status-publish","hentry","entry"],"featured_image_src":null,"yoast_head":"<!-- This site is optimized with the Yoast SEO plugin v27.0 - https:\/\/yoast.com\/product\/yoast-seo-wordpress\/ -->\n<title>Kirchen - Evangelische Kirchengemeinde Langenfeld<\/title>\n<meta name=\"description\" content=\"Wir haben 4 Kirchen in unserer Gemeinde: die Erl\u00f6serkirche, das Evangelische Johanneszentrum, die Lukaskirche und die Martin-Luther-Kirche\" \/>\n<meta name=\"robots\" content=\"index, follow, max-snippet:-1, max-image-preview:large, max-video-preview:-1\" \/>\n<link rel=\"canonical\" href=\"https:\/\/www.kirche-langenfeld.de\/ev\/kirchen\/\" \/>\n<meta property=\"og:locale\" content=\"de_DE\" \/>\n<meta property=\"og:type\" content=\"article\" \/>\n<meta property=\"og:title\" content=\"Kirchen - Evangelische Kirchengemeinde Langenfeld\" \/>\n<meta property=\"og:description\" content=\"Wir haben 4 Kirchen in unserer Gemeinde: die Erl\u00f6serkirche, das Evangelische Johanneszentrum, die Lukaskirche und die Martin-Luther-Kirche\" \/>\n<meta property=\"og:url\" content=\"https:\/\/www.kirche-langenfeld.de\/ev\/kirchen\/\" \/>\n<meta property=\"og:site_name\" content=\"Evangelische Kirchengemeinde Langenfeld\" \/>\n<meta property=\"article:modified_time\" content=\"2025-04-25T14:17:26+00:00\" \/>\n<meta property=\"og:image\" content=\"https:\/\/www.kirche-langenfeld.de\/ev\/wp-content\/uploads\/2025\/04\/IMG_6105.jpeg\" \/>\n\t<meta property=\"og:image:width\" content=\"1242\" \/>\n\t<meta property=\"og:image:height\" content=\"2208\" \/>\n\t<meta property=\"og:image:type\" content=\"image\/jpeg\" \/>\n<meta name=\"twitter:card\" content=\"summary_large_image\" \/>\n<meta name=\"twitter:label1\" content=\"Gesch\u00e4tzte Lesezeit\" \/>\n\t<meta name=\"twitter:data1\" content=\"2\u00a0Minuten\" \/>\n<script type=\"application\/ld+json\" class=\"yoast-schema-graph\">{\"@context\":\"https:\/\/schema.org\",\"@graph\":[{\"@type\":\"WebPage\",\"@id\":\"https:\/\/www.kirche-langenfeld.de\/ev\/kirchen\/\",\"url\":\"https:\/\/www.kirche-langenfeld.de\/ev\/kirchen\/\",\"name\":\"Kirchen - Evangelische Kirchengemeinde Langenfeld\",\"isPartOf\":{\"@id\":\"https:\/\/www.kirche-langenfeld.de\/ev\/#website\"},\"primaryImageOfPage\":{\"@id\":\"https:\/\/www.kirche-langenfeld.de\/ev\/kirchen\/#primaryimage\"},\"image\":{\"@id\":\"https:\/\/www.kirche-langenfeld.de\/ev\/kirchen\/#primaryimage\"},\"thumbnailUrl\":\"https:\/\/www.kirche-langenfeld.de\/ev\/wp-content\/uploads\/2025\/04\/IMG_6105-576x1024.jpeg\",\"datePublished\":\"2020-10-23T14:16:38+00:00\",\"dateModified\":\"2025-04-25T14:17:26+00:00\",\"description\":\"Wir haben 4 Kirchen in unserer Gemeinde: die Erl\u00f6serkirche, das Evangelische Johanneszentrum, die Lukaskirche und die Martin-Luther-Kirche\",\"breadcrumb\":{\"@id\":\"https:\/\/www.kirche-langenfeld.de\/ev\/kirchen\/#breadcrumb\"},\"inLanguage\":\"de\",\"potentialAction\":[{\"@type\":\"ReadAction\",\"target\":[\"https:\/\/www.kirche-langenfeld.de\/ev\/kirchen\/\"]}]},{\"@type\":\"ImageObject\",\"inLanguage\":\"de\",\"@id\":\"https:\/\/www.kirche-langenfeld.de\/ev\/kirchen\/#primaryimage\",\"url\":\"https:\/\/www.kirche-langenfeld.de\/ev\/wp-content\/uploads\/2025\/04\/IMG_6105-576x1024.jpeg\",\"contentUrl\":\"https:\/\/www.kirche-langenfeld.de\/ev\/wp-content\/uploads\/2025\/04\/IMG_6105-576x1024.jpeg\"},{\"@type\":\"BreadcrumbList\",\"@id\":\"https:\/\/www.kirche-langenfeld.de\/ev\/kirchen\/#breadcrumb\",\"itemListElement\":[{\"@type\":\"ListItem\",\"position\":1,\"name\":\"Startseite\",\"item\":\"https:\/\/www.kirche-langenfeld.de\/ev\/\"},{\"@type\":\"ListItem\",\"position\":2,\"name\":\"Kirchen\"}]},{\"@type\":\"WebSite\",\"@id\":\"https:\/\/www.kirche-langenfeld.de\/ev\/#website\",\"url\":\"https:\/\/www.kirche-langenfeld.de\/ev\/\",\"name\":\"Evangelische Kirchengemeinde Langenfeld\",\"description\":\"Informationen rund um unsere Gemeinde\",\"publisher\":{\"@id\":\"https:\/\/www.kirche-langenfeld.de\/ev\/#organization\"},\"potentialAction\":[{\"@type\":\"SearchAction\",\"target\":{\"@type\":\"EntryPoint\",\"urlTemplate\":\"https:\/\/www.kirche-langenfeld.de\/ev\/?s={search_term_string}\"},\"query-input\":{\"@type\":\"PropertyValueSpecification\",\"valueRequired\":true,\"valueName\":\"search_term_string\"}}],\"inLanguage\":\"de\"},{\"@type\":\"Organization\",\"@id\":\"https:\/\/www.kirche-langenfeld.de\/ev\/#organization\",\"name\":\"Evangelische Kirchengemeinde Langenfeld\",\"url\":\"https:\/\/www.kirche-langenfeld.de\/ev\/\",\"logo\":{\"@type\":\"ImageObject\",\"inLanguage\":\"de\",\"@id\":\"https:\/\/www.kirche-langenfeld.de\/ev\/#\/schema\/logo\/image\/\",\"url\":\"https:\/\/www.kirche-langenfeld.de\/ev\/wp-content\/uploads\/2020\/09\/logo-ev-2020.png\",\"contentUrl\":\"https:\/\/www.kirche-langenfeld.de\/ev\/wp-content\/uploads\/2020\/09\/logo-ev-2020.png\",\"width\":276,\"height\":200,\"caption\":\"Evangelische Kirchengemeinde Langenfeld\"},\"image\":{\"@id\":\"https:\/\/www.kirche-langenfeld.de\/ev\/#\/schema\/logo\/image\/\"}}]}<\/script>\n<!-- \/ Yoast SEO plugin. -->","yoast_head_json":{"title":"Kirchen - Evangelische Kirchengemeinde Langenfeld","description":"Wir haben 4 Kirchen in unserer Gemeinde: die Erl\u00f6serkirche, das Evangelische Johanneszentrum, die Lukaskirche und die Martin-Luther-Kirche","robots":{"index":"index","follow":"follow","max-snippet":"max-snippet:-1","max-image-preview":"max-image-preview:large","max-video-preview":"max-video-preview:-1"},"canonical":"https:\/\/www.kirche-langenfeld.de\/ev\/kirchen\/","og_locale":"de_DE","og_type":"article","og_title":"Kirchen - Evangelische Kirchengemeinde Langenfeld","og_description":"Wir haben 4 Kirchen in unserer Gemeinde: die Erl\u00f6serkirche, das Evangelische Johanneszentrum, die Lukaskirche und die Martin-Luther-Kirche","og_url":"https:\/\/www.kirche-langenfeld.de\/ev\/kirchen\/","og_site_name":"Evangelische Kirchengemeinde Langenfeld","article_modified_time":"2025-04-25T14:17:26+00:00","og_image":[{"width":1242,"height":2208,"url":"https:\/\/www.kirche-langenfeld.de\/ev\/wp-content\/uploads\/2025\/04\/IMG_6105.jpeg","type":"image\/jpeg"}],"twitter_card":"summary_large_image","twitter_misc":{"Gesch\u00e4tzte Lesezeit":"2\u00a0Minuten"},"schema":{"@context":"https:\/\/schema.org","@graph":[{"@type":"WebPage","@id":"https:\/\/www.kirche-langenfeld.de\/ev\/kirchen\/","url":"https:\/\/www.kirche-langenfeld.de\/ev\/kirchen\/","name":"Kirchen - Evangelische Kirchengemeinde Langenfeld","isPartOf":{"@id":"https:\/\/www.kirche-langenfeld.de\/ev\/#website"},"primaryImageOfPage":{"@id":"https:\/\/www.kirche-langenfeld.de\/ev\/kirchen\/#primaryimage"},"image":{"@id":"https:\/\/www.kirche-langenfeld.de\/ev\/kirchen\/#primaryimage"},"thumbnailUrl":"https:\/\/www.kirche-langenfeld.de\/ev\/wp-content\/uploads\/2025\/04\/IMG_6105-576x1024.jpeg","datePublished":"2020-10-23T14:16:38+00:00","dateModified":"2025-04-25T14:17:26+00:00","description":"Wir haben 4 Kirchen in unserer Gemeinde: die Erl\u00f6serkirche, das Evangelische Johanneszentrum, die Lukaskirche und die Martin-Luther-Kirche","breadcrumb":{"@id":"https:\/\/www.kirche-langenfeld.de\/ev\/kirchen\/#breadcrumb"},"inLanguage":"de","potentialAction":[{"@type":"ReadAction","target":["https:\/\/www.kirche-langenfeld.de\/ev\/kirchen\/"]}]},{"@type":"ImageObject","inLanguage":"de","@id":"https:\/\/www.kirche-langenfeld.de\/ev\/kirchen\/#primaryimage","url":"https:\/\/www.kirche-langenfeld.de\/ev\/wp-content\/uploads\/2025\/04\/IMG_6105-576x1024.jpeg","contentUrl":"https:\/\/www.kirche-langenfeld.de\/ev\/wp-content\/uploads\/2025\/04\/IMG_6105-576x1024.jpeg"},{"@type":"BreadcrumbList","@id":"https:\/\/www.kirche-langenfeld.de\/ev\/kirchen\/#breadcrumb","itemListElement":[{"@type":"ListItem","position":1,"name":"Startseite","item":"https:\/\/www.kirche-langenfeld.de\/ev\/"},{"@type":"ListItem","position":2,"name":"Kirchen"}]},{"@type":"WebSite","@id":"https:\/\/www.kirche-langenfeld.de\/ev\/#website","url":"https:\/\/www.kirche-langenfeld.de\/ev\/","name":"Evangelische Kirchengemeinde Langenfeld","description":"Informationen rund um unsere Gemeinde","publisher":{"@id":"https:\/\/www.kirche-langenfeld.de\/ev\/#organization"},"potentialAction":[{"@type":"SearchAction","target":{"@type":"EntryPoint","urlTemplate":"https:\/\/www.kirche-langenfeld.de\/ev\/?s={search_term_string}"},"query-input":{"@type":"PropertyValueSpecification","valueRequired":true,"valueName":"search_term_string"}}],"inLanguage":"de"},{"@type":"Organization","@id":"https:\/\/www.kirche-langenfeld.de\/ev\/#organization","name":"Evangelische Kirchengemeinde Langenfeld","url":"https:\/\/www.kirche-langenfeld.de\/ev\/","logo":{"@type":"ImageObject","inLanguage":"de","@id":"https:\/\/www.kirche-langenfeld.de\/ev\/#\/schema\/logo\/image\/","url":"https:\/\/www.kirche-langenfeld.de\/ev\/wp-content\/uploads\/2020\/09\/logo-ev-2020.png","contentUrl":"https:\/\/www.kirche-langenfeld.de\/ev\/wp-content\/uploads\/2020\/09\/logo-ev-2020.png","width":276,"height":200,"caption":"Evangelische Kirchengemeinde Langenfeld"},"image":{"@id":"https:\/\/www.kirche-langenfeld.de\/ev\/#\/schema\/logo\/image\/"}}]}},"uagb_featured_image_src":{"full":false,"thumbnail":false,"medium":false,"medium_large":false,"large":false,"1536x1536":false,"2048x2048":false,"ocean-thumb-m":false,"ocean-thumb-ml":false,"ocean-thumb-l":false},"uagb_author_info":{"display_name":"Nora Mieke","author_link":"https:\/\/www.kirche-langenfeld.de\/ev\/author\/admin-mieke\/"},"uagb_comment_info":0,"uagb_excerpt":"Wir haben 4 Kirchen in unserer Gemeinde: Erl\u00f6serkirche Hardt 2140764 Langenfeld (Immigrath) Evangelisches Johanneszentrum Stettiner Stra\u00dfe 10-1440764 Langenfeld (Mitte) Lukaskirche Kaiserstr. 1240764 Langenfeld (Richrath) Martin-Luther-Kirche Trompeter Stra\u00dfe 3640764 Langenfeld (Reusrath) Erl\u00f6ser- Johannes- und Lukaskirche: Dima HarderMartin-Luther-Kirche: Volker Gutsmann","_links":{"self":[{"href":"https:\/\/www.kirche-langenfeld.de\/ev\/wp-json\/wp\/v2\/pages\/410","targetHints":{"allow":["GET"]}}],"collection":[{"href":"https:\/\/www.kirche-langenfeld.de\/ev\/wp-json\/wp\/v2\/pages"}],"about":[{"href":"https:\/\/www.kirche-langenfeld.de\/ev\/wp-json\/wp\/v2\/types\/page"}],"author":[{"embeddable":true,"href":"https:\/\/www.kirche-langenfeld.de\/ev\/wp-json\/wp\/v2\/users\/1"}],"replies":[{"embeddable":true,"href":"https:\/\/www.kirche-langenfeld.de\/ev\/wp-json\/wp\/v2\/comments?post=410"}],"version-history":[{"count":26,"href":"https:\/\/www.kirche-langenfeld.de\/ev\/wp-json\/wp\/v2\/pages\/410\/revisions"}],"predecessor-version":[{"id":13706,"href":"https:\/\/www.kirche-langenfeld.de\/ev\/wp-json\/wp\/v2\/pages\/410\/revisions\/13706"}],"wp:attachment":[{"href":"https:\/\/www.kirche-langenfeld.de\/ev\/wp-json\/wp\/v2\/media?parent=410"}],"curies":[{"name":"wp","href":"https:\/\/api.w.org\/{rel}","templated":true}]}}