{"id":1050,"date":"2020-11-05T13:02:06","date_gmt":"2020-11-05T12:02:06","guid":{"rendered":"https:\/\/www.kirche-langenfeld.de\/ev\/?page_id=1050"},"modified":"2026-02-19T15:32:14","modified_gmt":"2026-02-19T14:32:14","slug":"kinder-jugendliche","status":"publish","type":"page","link":"https:\/\/www.kirche-langenfeld.de\/ev\/kinder-jugendliche\/","title":{"rendered":"Kinder + Jugendliche"},"content":{"rendered":"\n<p>Liebe Kinder, liebe Jugendliche, liebe Eltern, liebe Interessierte,<\/p>\n\n\n\n<p>sch\u00f6n, dass ihr hier seid!<\/p>\n\n\n\n<p>Unsere Angebote richten sich an alle Kinder, Jugendliche und junge Erwachsene aus Langenfeld und Umgebung. Wir sind an vier Standorten zu finden<\/p>\n\n\n\n<ul class=\"wp-block-list\">\n<li>Evangelisches Jugendhaus \u201eAlte Schule\u201c an der Lukaskirche, Kaiserstr. 12a<\/li>\n\n\n\n<li>Jugendbereich der Erl\u00f6serkirche, Hardt 23<\/li>\n\n\n\n<li>Jugendbereich der Martin-Luther-Kirche, Trompeterstra\u00dfe 36<\/li>\n\n\n\n<li>Evangelisches Johanneszentrum, Stettiner Stra\u00dfe 10<\/li>\n<\/ul>\n\n\n\n<p>Egal wo ihr in Langenfeld wohnt, ihr k\u00f6nnt an jedem Angebot teilnehmen.<\/p>\n\n\n\n<p>Und nun viel Spa\u00df beim St\u00f6bern&#8230;<\/p>\n\n\n\n<p>Melde dich gerne per <a href=\"corinna.mey@ekir.de\">Mail <\/a>an f\u00fcr unseren <a href=\"https:\/\/www.kirche-langenfeld.de\/ev\/wp-content\/uploads\/2025\/04\/Newsletter-Jugend-April-2025.pdf\">Newsletter<\/a>, der alle 1-2 Monate erscheint.<\/p>\n\n\n\n<p>Hier ist das <a href=\"https:\/\/www.kirche-langenfeld.de\/ev\/wp-content\/uploads\/2025\/12\/KinderUndJugendprogramm_01_2026_Web_v4.pdf\">Jahresprogramm 2026<\/a>.<\/p>\n\n\n\n<p>Hier findest du unsere <a href=\"https:\/\/www.kirche-langenfeld.de\/ev\/wp-content\/uploads\/2025\/02\/KONZEPTION-Stand-Januar-2025.pdf\">Konzeption <\/a>der Evangelischen Kinder- und Jugendarbeit in Langenfeld.<\/p>\n\n\n\n<p>Hier findest du das <a href=\"https:\/\/www.kirche-langenfeld.de\/ev\/wp-content\/uploads\/2024\/03\/Schutzkonzept-Stand-Maerz-2024.pdf\">Schutzkonzept <\/a>der Evangelischen Kirchengemeinde Langenfeld, an dem wir stetig weiterarbeiten.<\/p>\n\n\n\n<p><\/p>\n","protected":false},"excerpt":{"rendered":"<p>Liebe Kinder, liebe Jugendliche, liebe Eltern, liebe Interessierte, sch\u00f6n, dass ihr hier seid! Unsere Angebote richten sich an alle Kinder, Jugendliche und junge Erwachsene aus Langenfeld und Umgebung. Wir sind an vier Standorten zu finden Egal wo ihr in Langenfeld wohnt, ihr k\u00f6nnt an jedem Angebot teilnehmen. Und nun viel Spa\u00df beim St\u00f6bern&#8230; Melde dich [&hellip;]<\/p>\n","protected":false},"author":1,"featured_media":0,"parent":0,"menu_order":0,"comment_status":"closed","ping_status":"closed","template":"","meta":{"_uag_custom_page_level_css":"","pgc_sgb_lightbox_settings":"","ocean_post_layout":"","ocean_both_sidebars_style":"","ocean_both_sidebars_content_width":0,"ocean_both_sidebars_sidebars_width":0,"ocean_sidebar":"0","ocean_second_sidebar":"0","ocean_disable_margins":"enable","ocean_add_body_class":"","ocean_shortcode_before_top_bar":"","ocean_shortcode_after_top_bar":"","ocean_shortcode_before_header":"","ocean_shortcode_after_header":"","ocean_has_shortcode":"","ocean_shortcode_after_title":"","ocean_shortcode_before_footer_widgets":"","ocean_shortcode_after_footer_widgets":"","ocean_shortcode_before_footer_bottom":"","ocean_shortcode_after_footer_bottom":"","ocean_display_top_bar":"default","ocean_display_header":"default","ocean_header_style":"","ocean_center_header_left_menu":"0","ocean_custom_header_template":"0","ocean_custom_logo":0,"ocean_custom_retina_logo":0,"ocean_custom_logo_max_width":0,"ocean_custom_logo_tablet_max_width":0,"ocean_custom_logo_mobile_max_width":0,"ocean_custom_logo_max_height":0,"ocean_custom_logo_tablet_max_height":0,"ocean_custom_logo_mobile_max_height":0,"ocean_header_custom_menu":"0","ocean_menu_typo_font_family":"0","ocean_menu_typo_font_subset":"","ocean_menu_typo_font_size":0,"ocean_menu_typo_font_size_tablet":0,"ocean_menu_typo_font_size_mobile":0,"ocean_menu_typo_font_size_unit":"px","ocean_menu_typo_font_weight":"","ocean_menu_typo_font_weight_tablet":"","ocean_menu_typo_font_weight_mobile":"","ocean_menu_typo_transform":"","ocean_menu_typo_transform_tablet":"","ocean_menu_typo_transform_mobile":"","ocean_menu_typo_line_height":0,"ocean_menu_typo_line_height_tablet":0,"ocean_menu_typo_line_height_mobile":0,"ocean_menu_typo_line_height_unit":"","ocean_menu_typo_spacing":0,"ocean_menu_typo_spacing_tablet":0,"ocean_menu_typo_spacing_mobile":0,"ocean_menu_typo_spacing_unit":"","ocean_menu_link_color":"","ocean_menu_link_color_hover":"","ocean_menu_link_color_active":"","ocean_menu_link_background":"","ocean_menu_link_hover_background":"","ocean_menu_link_active_background":"","ocean_menu_social_links_bg":"","ocean_menu_social_hover_links_bg":"","ocean_menu_social_links_color":"","ocean_menu_social_hover_links_color":"","ocean_disable_title":"default","ocean_disable_heading":"default","ocean_post_title":"","ocean_post_subheading":"","ocean_post_title_style":"","ocean_post_title_background_color":"","ocean_post_title_background":0,"ocean_post_title_bg_image_position":"","ocean_post_title_bg_image_attachment":"","ocean_post_title_bg_image_repeat":"","ocean_post_title_bg_image_size":"","ocean_post_title_height":0,"ocean_post_title_bg_overlay":0.5,"ocean_post_title_bg_overlay_color":"","ocean_disable_breadcrumbs":"default","ocean_breadcrumbs_color":"","ocean_breadcrumbs_separator_color":"","ocean_breadcrumbs_links_color":"","ocean_breadcrumbs_links_hover_color":"","ocean_display_footer_widgets":"default","ocean_display_footer_bottom":"default","ocean_custom_footer_template":"0","footnotes":""},"class_list":["post-1050","page","type-page","status-publish","hentry","entry"],"featured_image_src":null,"yoast_head":"<!-- This site is optimized with the Yoast SEO plugin v27.0 - https:\/\/yoast.com\/product\/yoast-seo-wordpress\/ -->\n<title>Kinder + Jugendliche - Evangelische Kirchengemeinde Langenfeld<\/title>\n<meta name=\"robots\" content=\"index, follow, max-snippet:-1, max-image-preview:large, max-video-preview:-1\" \/>\n<link rel=\"canonical\" href=\"https:\/\/www.kirche-langenfeld.de\/ev\/kinder-jugendliche\/\" \/>\n<meta property=\"og:locale\" content=\"de_DE\" \/>\n<meta property=\"og:type\" content=\"article\" \/>\n<meta property=\"og:title\" content=\"Kinder + Jugendliche - Evangelische Kirchengemeinde Langenfeld\" \/>\n<meta property=\"og:description\" content=\"Liebe Kinder, liebe Jugendliche, liebe Eltern, liebe Interessierte, sch\u00f6n, dass ihr hier seid! Unsere Angebote richten sich an alle Kinder, Jugendliche und junge Erwachsene aus Langenfeld und Umgebung. Wir sind an vier Standorten zu finden Egal wo ihr in Langenfeld wohnt, ihr k\u00f6nnt an jedem Angebot teilnehmen. Und nun viel Spa\u00df beim St\u00f6bern&#8230; Melde dich [&hellip;]\" \/>\n<meta property=\"og:url\" content=\"https:\/\/www.kirche-langenfeld.de\/ev\/kinder-jugendliche\/\" \/>\n<meta property=\"og:site_name\" content=\"Evangelische Kirchengemeinde Langenfeld\" \/>\n<meta property=\"article:modified_time\" content=\"2026-02-19T14:32:14+00:00\" \/>\n<meta name=\"twitter:card\" content=\"summary_large_image\" \/>\n<meta name=\"twitter:label1\" content=\"Gesch\u00e4tzte Lesezeit\" \/>\n\t<meta name=\"twitter:data1\" content=\"1\u00a0Minute\" \/>\n<script type=\"application\/ld+json\" class=\"yoast-schema-graph\">{\"@context\":\"https:\/\/schema.org\",\"@graph\":[{\"@type\":\"WebPage\",\"@id\":\"https:\/\/www.kirche-langenfeld.de\/ev\/kinder-jugendliche\/\",\"url\":\"https:\/\/www.kirche-langenfeld.de\/ev\/kinder-jugendliche\/\",\"name\":\"Kinder + Jugendliche - Evangelische Kirchengemeinde Langenfeld\",\"isPartOf\":{\"@id\":\"https:\/\/www.kirche-langenfeld.de\/ev\/#website\"},\"datePublished\":\"2020-11-05T12:02:06+00:00\",\"dateModified\":\"2026-02-19T14:32:14+00:00\",\"breadcrumb\":{\"@id\":\"https:\/\/www.kirche-langenfeld.de\/ev\/kinder-jugendliche\/#breadcrumb\"},\"inLanguage\":\"de\",\"potentialAction\":[{\"@type\":\"ReadAction\",\"target\":[\"https:\/\/www.kirche-langenfeld.de\/ev\/kinder-jugendliche\/\"]}]},{\"@type\":\"BreadcrumbList\",\"@id\":\"https:\/\/www.kirche-langenfeld.de\/ev\/kinder-jugendliche\/#breadcrumb\",\"itemListElement\":[{\"@type\":\"ListItem\",\"position\":1,\"name\":\"Startseite\",\"item\":\"https:\/\/www.kirche-langenfeld.de\/ev\/\"},{\"@type\":\"ListItem\",\"position\":2,\"name\":\"Kinder + Jugendliche\"}]},{\"@type\":\"WebSite\",\"@id\":\"https:\/\/www.kirche-langenfeld.de\/ev\/#website\",\"url\":\"https:\/\/www.kirche-langenfeld.de\/ev\/\",\"name\":\"Evangelische Kirchengemeinde Langenfeld\",\"description\":\"Informationen rund um unsere Gemeinde\",\"publisher\":{\"@id\":\"https:\/\/www.kirche-langenfeld.de\/ev\/#organization\"},\"potentialAction\":[{\"@type\":\"SearchAction\",\"target\":{\"@type\":\"EntryPoint\",\"urlTemplate\":\"https:\/\/www.kirche-langenfeld.de\/ev\/?s={search_term_string}\"},\"query-input\":{\"@type\":\"PropertyValueSpecification\",\"valueRequired\":true,\"valueName\":\"search_term_string\"}}],\"inLanguage\":\"de\"},{\"@type\":\"Organization\",\"@id\":\"https:\/\/www.kirche-langenfeld.de\/ev\/#organization\",\"name\":\"Evangelische Kirchengemeinde Langenfeld\",\"url\":\"https:\/\/www.kirche-langenfeld.de\/ev\/\",\"logo\":{\"@type\":\"ImageObject\",\"inLanguage\":\"de\",\"@id\":\"https:\/\/www.kirche-langenfeld.de\/ev\/#\/schema\/logo\/image\/\",\"url\":\"https:\/\/www.kirche-langenfeld.de\/ev\/wp-content\/uploads\/2020\/09\/logo-ev-2020.png\",\"contentUrl\":\"https:\/\/www.kirche-langenfeld.de\/ev\/wp-content\/uploads\/2020\/09\/logo-ev-2020.png\",\"width\":276,\"height\":200,\"caption\":\"Evangelische Kirchengemeinde Langenfeld\"},\"image\":{\"@id\":\"https:\/\/www.kirche-langenfeld.de\/ev\/#\/schema\/logo\/image\/\"}}]}<\/script>\n<!-- \/ Yoast SEO plugin. -->","yoast_head_json":{"title":"Kinder + Jugendliche - Evangelische Kirchengemeinde Langenfeld","robots":{"index":"index","follow":"follow","max-snippet":"max-snippet:-1","max-image-preview":"max-image-preview:large","max-video-preview":"max-video-preview:-1"},"canonical":"https:\/\/www.kirche-langenfeld.de\/ev\/kinder-jugendliche\/","og_locale":"de_DE","og_type":"article","og_title":"Kinder + Jugendliche - Evangelische Kirchengemeinde Langenfeld","og_description":"Liebe Kinder, liebe Jugendliche, liebe Eltern, liebe Interessierte, sch\u00f6n, dass ihr hier seid! Unsere Angebote richten sich an alle Kinder, Jugendliche und junge Erwachsene aus Langenfeld und Umgebung. Wir sind an vier Standorten zu finden Egal wo ihr in Langenfeld wohnt, ihr k\u00f6nnt an jedem Angebot teilnehmen. Und nun viel Spa\u00df beim St\u00f6bern&#8230; Melde dich [&hellip;]","og_url":"https:\/\/www.kirche-langenfeld.de\/ev\/kinder-jugendliche\/","og_site_name":"Evangelische Kirchengemeinde Langenfeld","article_modified_time":"2026-02-19T14:32:14+00:00","twitter_card":"summary_large_image","twitter_misc":{"Gesch\u00e4tzte Lesezeit":"1\u00a0Minute"},"schema":{"@context":"https:\/\/schema.org","@graph":[{"@type":"WebPage","@id":"https:\/\/www.kirche-langenfeld.de\/ev\/kinder-jugendliche\/","url":"https:\/\/www.kirche-langenfeld.de\/ev\/kinder-jugendliche\/","name":"Kinder + Jugendliche - Evangelische Kirchengemeinde Langenfeld","isPartOf":{"@id":"https:\/\/www.kirche-langenfeld.de\/ev\/#website"},"datePublished":"2020-11-05T12:02:06+00:00","dateModified":"2026-02-19T14:32:14+00:00","breadcrumb":{"@id":"https:\/\/www.kirche-langenfeld.de\/ev\/kinder-jugendliche\/#breadcrumb"},"inLanguage":"de","potentialAction":[{"@type":"ReadAction","target":["https:\/\/www.kirche-langenfeld.de\/ev\/kinder-jugendliche\/"]}]},{"@type":"BreadcrumbList","@id":"https:\/\/www.kirche-langenfeld.de\/ev\/kinder-jugendliche\/#breadcrumb","itemListElement":[{"@type":"ListItem","position":1,"name":"Startseite","item":"https:\/\/www.kirche-langenfeld.de\/ev\/"},{"@type":"ListItem","position":2,"name":"Kinder + Jugendliche"}]},{"@type":"WebSite","@id":"https:\/\/www.kirche-langenfeld.de\/ev\/#website","url":"https:\/\/www.kirche-langenfeld.de\/ev\/","name":"Evangelische Kirchengemeinde Langenfeld","description":"Informationen rund um unsere Gemeinde","publisher":{"@id":"https:\/\/www.kirche-langenfeld.de\/ev\/#organization"},"potentialAction":[{"@type":"SearchAction","target":{"@type":"EntryPoint","urlTemplate":"https:\/\/www.kirche-langenfeld.de\/ev\/?s={search_term_string}"},"query-input":{"@type":"PropertyValueSpecification","valueRequired":true,"valueName":"search_term_string"}}],"inLanguage":"de"},{"@type":"Organization","@id":"https:\/\/www.kirche-langenfeld.de\/ev\/#organization","name":"Evangelische Kirchengemeinde Langenfeld","url":"https:\/\/www.kirche-langenfeld.de\/ev\/","logo":{"@type":"ImageObject","inLanguage":"de","@id":"https:\/\/www.kirche-langenfeld.de\/ev\/#\/schema\/logo\/image\/","url":"https:\/\/www.kirche-langenfeld.de\/ev\/wp-content\/uploads\/2020\/09\/logo-ev-2020.png","contentUrl":"https:\/\/www.kirche-langenfeld.de\/ev\/wp-content\/uploads\/2020\/09\/logo-ev-2020.png","width":276,"height":200,"caption":"Evangelische Kirchengemeinde Langenfeld"},"image":{"@id":"https:\/\/www.kirche-langenfeld.de\/ev\/#\/schema\/logo\/image\/"}}]}},"uagb_featured_image_src":{"full":false,"thumbnail":false,"medium":false,"medium_large":false,"large":false,"1536x1536":false,"2048x2048":false,"ocean-thumb-m":false,"ocean-thumb-ml":false,"ocean-thumb-l":false},"uagb_author_info":{"display_name":"Nora Mieke","author_link":"https:\/\/www.kirche-langenfeld.de\/ev\/author\/admin-mieke\/"},"uagb_comment_info":0,"uagb_excerpt":"Liebe Kinder, liebe Jugendliche, liebe Eltern, liebe Interessierte, sch\u00f6n, dass ihr hier seid! Unsere Angebote richten sich an alle Kinder, Jugendliche und junge Erwachsene aus Langenfeld und Umgebung. Wir sind an vier Standorten zu finden Egal wo ihr in Langenfeld wohnt, ihr k\u00f6nnt an jedem Angebot teilnehmen. Und nun viel Spa\u00df beim St\u00f6bern&#8230; Melde dich&hellip;","_links":{"self":[{"href":"https:\/\/www.kirche-langenfeld.de\/ev\/wp-json\/wp\/v2\/pages\/1050","targetHints":{"allow":["GET"]}}],"collection":[{"href":"https:\/\/www.kirche-langenfeld.de\/ev\/wp-json\/wp\/v2\/pages"}],"about":[{"href":"https:\/\/www.kirche-langenfeld.de\/ev\/wp-json\/wp\/v2\/types\/page"}],"author":[{"embeddable":true,"href":"https:\/\/www.kirche-langenfeld.de\/ev\/wp-json\/wp\/v2\/users\/1"}],"replies":[{"embeddable":true,"href":"https:\/\/www.kirche-langenfeld.de\/ev\/wp-json\/wp\/v2\/comments?post=1050"}],"version-history":[{"count":35,"href":"https:\/\/www.kirche-langenfeld.de\/ev\/wp-json\/wp\/v2\/pages\/1050\/revisions"}],"predecessor-version":[{"id":15748,"href":"https:\/\/www.kirche-langenfeld.de\/ev\/wp-json\/wp\/v2\/pages\/1050\/revisions\/15748"}],"wp:attachment":[{"href":"https:\/\/www.kirche-langenfeld.de\/ev\/wp-json\/wp\/v2\/media?parent=1050"}],"curies":[{"name":"wp","href":"https:\/\/api.w.org\/{rel}","templated":true}]}}